{"id":593,"date":"2024-04-16T14:52:45","date_gmt":"2024-04-16T12:52:45","guid":{"rendered":"https:\/\/deisenhammer.f1-staging.work\/?page_id=593"},"modified":"2024-05-29T11:19:42","modified_gmt":"2024-05-29T09:19:42","slug":"anwendungsbereiche","status":"publish","type":"page","link":"https:\/\/deisenhammer.f1-staging.work\/en\/anwendungsbereiche\/","title":{"rendered":"Anwendungsbereiche"},"content":{"rendered":"<p>[et_pb_section fb_built=&#8220;1&#8243; _builder_version=&#8220;4.24.3&#8243; _module_preset=&#8220;default&#8220; background_color=&#8220;#DADADA&#8220; global_colors_info=&#8220;{}&#8220;][et_pb_row _builder_version=&#8220;4.24.3&#8243; _module_preset=&#8220;default&#8220; global_colors_info=&#8220;{}&#8220;][et_pb_column type=&#8220;4_4&#8243; _builder_version=&#8220;4.24.3&#8243; _module_preset=&#8220;default&#8220; global_colors_info=&#8220;{}&#8220;][et_pb_text content_tablet=&#8220;<\/p>\n<h1>Anwendungsbereiche<\/h1>\n<p>&#8220; content_phone=&#8220;<\/p>\n<h1>Anwendungs- bereiche<\/h1>\n<p>&#8220; content_last_edited=&#8220;on|phone&#8220; _builder_version=&#8220;4.24.3&#8243; _module_preset=&#8220;default&#8220; header_text_align=&#8220;center&#8220; global_colors_info=&#8220;{}&#8220;]<\/p>\n<h1>Anwendungsbereiche<\/h1>\n<p>[\/et_pb_text][et_pb_text content_tablet=&#8220;<\/p>\n<h5>Unsere Produkte sind vielf\u00e4ltig &#8211; ebenso wie die unz\u00e4hligen Bereiche, in denen sie eingesetzt werden.<br \/>Wir entwickeln f\u00fcr und mit unseren Kunden Produkte, die optimal zu ihren Einsatzbereichen passen.<br \/>Das f\u00e4ngt bei der ma\u00dfgeschneiderten Material-Mischung an, und setzt sich \u00fcber Prototypen-Entwicklung bis zur Serienproduktion fort.<\/h5>\n<p>&#8220; content_phone=&#8220;<\/p>\n<h5>Unsere Produkte sind vielf\u00e4ltig &#8211; ebenso wie die unz\u00e4hligen Bereiche, in denen sie eingesetzt werden.<\/h5>\n<h5><\/h5>\n<h5>Wir entwickeln f\u00fcr und mit unseren Kunden Produkte, die optimal zu ihren Einsatzbereichen passen.<\/h5>\n<h5><\/h5>\n<h5>Das f\u00e4ngt bei der ma\u00dfgeschneiderten Material-Mischung an, und setzt sich \u00fcber Prototypen-Entwicklung bis zur Serienproduktion fort.<\/h5>\n<p>&#8220; content_last_edited=&#8220;on|phone&#8220; _builder_version=&#8220;4.24.3&#8243; _module_preset=&#8220;default&#8220; header_5_line_height=&#8220;1em&#8220; text_orientation=&#8220;center&#8220; global_colors_info=&#8220;{}&#8220;]<\/p>\n<h5>Unsere Produkte sind vielf\u00e4ltig &#8211; ebenso wie die unz\u00e4hligen Bereiche, in denen sie eingesetzt werden.<br \/>Wir entwickeln f\u00fcr und mit unseren Kunden Produkte, die optimal zu ihren Einsatzbereichen passen.<br \/>Das f\u00e4ngt bei der ma\u00dfgeschneiderten Material-Mischung an, und setzt sich \u00fcber Prototypen-Entwicklung bis zur Serienproduktion fort.<\/h5>\n<p>[\/et_pb_text][\/et_pb_column][\/et_pb_row][\/et_pb_section][et_pb_section fb_built=&#8220;1&#8243; _builder_version=&#8220;4.24.3&#8243; _module_preset=&#8220;default&#8220; custom_padding=&#8220;4px|||||&#8220; global_colors_info=&#8220;{}&#8220;][et_pb_row _builder_version=&#8220;4.24.3&#8243; _module_preset=&#8220;default&#8220; custom_padding=&#8220;94px||35px|||&#8220; border_color_bottom=&#8220;#DADADA&#8220; global_colors_info=&#8220;{}&#8220;][et_pb_column type=&#8220;4_4&#8243; _builder_version=&#8220;4.24.3&#8243; _module_preset=&#8220;default&#8220; global_colors_info=&#8220;{}&#8220;][et_pb_text _builder_version=&#8220;4.24.3&#8243; _module_preset=&#8220;default&#8220; header_4_text_align=&#8220;center&#8220; header_4_line_height=&#8220;1em&#8220; header_4_line_height_tablet=&#8220;1em&#8220; header_4_line_height_phone=&#8220;1em&#8220; header_4_line_height_last_edited=&#8220;on|desktop&#8220; global_colors_info=&#8220;{}&#8220;]<\/p>\n<h4>Einige Beispiele f\u00fcr Industrien, in denen wir bereits langfristig sehr erfolgreich mit Kunden zusammenarbeiten:<\/h4>\n<p>[\/et_pb_text][\/et_pb_column][\/et_pb_row][et_pb_row column_structure=&#8220;1_3,1_3,1_3&#8243; use_custom_gutter=&#8220;on&#8220; gutter_width=&#8220;2&#8243; make_equal=&#8220;on&#8220; _builder_version=&#8220;4.25.1&#8243; _module_preset=&#8220;default&#8220; custom_padding=&#8220;11px||11px||true|&#8220; hover_enabled=&#8220;0&#8243; global_colors_info=&#8220;{}&#8220; sticky_enabled=&#8220;0&#8243;][et_pb_column type=&#8220;1_3&#8243; _builder_version=&#8220;4.24.3&#8243; _module_preset=&#8220;default&#8220; global_colors_info=&#8220;{}&#8220;][et_pb_image src=&#8220;https:\/\/deisenhammer.f1-staging.work\/wp-content\/uploads\/2024\/04\/Bike_2500px_rgb-1024&#215;682.jpg&#8220; title_text=&#8220;A motorcycle rider speeding on a mountain road&#8220; show_bottom_space=&#8220;off&#8220; align=&#8220;center&#8220; _builder_version=&#8220;4.25.1&#8243; _module_preset=&#8220;default&#8220; max_height=&#8220;350px&#8220; custom_margin=&#8220;20px||20px||false|false&#8220; hover_enabled=&#8220;0&#8243; global_colors_info=&#8220;{}&#8220; sticky_enabled=&#8220;0&#8243;][\/et_pb_image][et_pb_heading title=&#8220;Fahrzeugindustrie&#8220; _builder_version=&#8220;4.24.3&#8243; _module_preset=&#8220;default&#8220; title_font=&#8220;|||on|||||&#8220; title_text_color=&#8220;#007C35&#8243; title_font_size=&#8220;40px&#8220; title_font_size_tablet=&#8220;40px&#8220; title_font_size_phone=&#8220;40px&#8220; title_font_size_last_edited=&#8220;on|phone&#8220; global_colors_info=&#8220;{}&#8220;][\/et_pb_heading][et_pb_text _builder_version=&#8220;4.25.1&#8243; _module_preset=&#8220;default&#8220; custom_margin=&#8220;||40px|||&#8220; global_colors_info=&#8220;{}&#8220;]<\/p>\n<p><span>Das Spezialsegment der Fahrzeugindustrie, zu dem Motorr\u00e4der, ATVs\/UTVs und Boote geh\u00f6ren, ist durch einzigartige Herausforderungen und Chancen gekennzeichnet. <\/span><span>Diese Fahrzeuge sind h\u00e4ufig extremen Bedingungen wie schwankenden Temperaturen, Feuchtigkeit und mechanischer Beanspruchung ausgesetzt, weshalb Materialien erforderlich sind, die eine \u00fcberlegene Leistung und Haltbarkeit bieten. <\/span><\/p>\n<p><span>Fortschrittliche Polymere stehen bei der Erf\u00fcllung dieser Anforderungen an vorderster Front und bieten L\u00f6sungen, die leicht, korrosions- und verschlei\u00dffest und in der Lage sind, Vibrationen zu absorbieren. Diese Materialien sind entscheidend f\u00fcr die Verbesserung der Leistung, Sicherheit und Langlebigkeit von Freizeit- und Nutzfahrzeugen und daher unverzichtbar bei der Entwicklung von Teilen, von Kraftstoffleitungen bis hin zu Dichtungen. <\/span><\/p>\n<p><span><\/span><\/p>\n<p><span>Mit immer strengeren Umwelt- und Effizienzstandards wird die Rolle von Polymeren in der Fahrzeugindustrie zunehmen und Innovationen vorantreiben, die zu nachhaltigeren und leistungsf\u00e4higeren Fahrzeugen f\u00fchren.<\/span><\/p>\n<p>[\/et_pb_text][\/et_pb_column][et_pb_column type=&#8220;1_3&#8243; module_class=&#8220;vertikal-zentrieren&#8220; _builder_version=&#8220;4.24.3&#8243; _module_preset=&#8220;default&#8220; global_colors_info=&#8220;{}&#8220;][et_pb_image src=&#8220;https:\/\/deisenhammer.f1-staging.work\/wp-content\/uploads\/2024\/04\/E-Werk_2500px_rgb.jpg&#8220; title_text=&#8220;Adult electrical engineer inspect the electrical systems at the&#8220; show_bottom_space=&#8220;off&#8220; align=&#8220;center&#8220; _builder_version=&#8220;4.24.3&#8243; _module_preset=&#8220;default&#8220; max_height=&#8220;350px&#8220; custom_margin=&#8220;20px||20px||false|false&#8220; global_colors_info=&#8220;{}&#8220;][\/et_pb_image][et_pb_heading title=&#8220;erneuerbare energie&#8220; _builder_version=&#8220;4.24.3&#8243; _module_preset=&#8220;default&#8220; title_font=&#8220;|||on|||||&#8220; title_text_color=&#8220;#007C35&#8243; title_font_size=&#8220;40px&#8220; title_font_size_tablet=&#8220;40px&#8220; title_font_size_phone=&#8220;40px&#8220; title_font_size_last_edited=&#8220;on|phone&#8220; global_colors_info=&#8220;{}&#8220;][\/et_pb_heading][et_pb_text _builder_version=&#8220;4.25.1&#8243; _module_preset=&#8220;default&#8220; custom_margin=&#8220;||40px|||&#8220; global_colors_info=&#8220;{}&#8220;]<\/p>\n<p><span>Im Bereich der erneuerbaren Energien h\u00e4ngt der \u00dcbergang zu nachhaltigen Energiequellen stark von Innovationen in der Materialwissenschaft ab. <\/span><\/p>\n<p><span>Polymere, die f\u00fcr ihre Anpassungsf\u00e4higkeit und Festigkeit bekannt sind, gewinnen bei der Entwicklung und Herstellung erneuerbarer Energiesysteme zunehmend an Bedeutung. Zu ihrer Anwendung in Solarmodulen geh\u00f6ren beispielsweise Schutzbeschichtungen und Rahmen, die Umwelteinfl\u00fcssen standhalten und gleichzeitig die Lichtabsorption optimieren. In Windkraftanlagen werden Polymere aufgrund ihrer leichten und erm\u00fcdungsbest\u00e4ndigen Eigenschaften in Rotorbl\u00e4ttern und Gondeln eingesetzt, was die Effizienz und Haltbarkeit erheblich steigert. Auch die Segmente Wasserkraft und Geothermie profitieren von der Verwendung von Polymeren in Dichtungs- und Isolierkomponenten, was die Vielseitigkeit des Materials in verschiedenen Technologien f\u00fcr erneuerbare Energien unterstreicht. <\/span><\/p>\n<p><span>Die Zukunft der Energie ist eng mit der Entwicklung neuer Polymerformulierungen verbunden, die eine verbesserte Leistung, Langlebigkeit und einen besseren \u00f6kologischen Fu\u00dfabdruck bieten und eine entscheidende Rolle bei der globalen Umstellung auf erneuerbare Energien spielen.<\/span><\/p>\n<p>[\/et_pb_text][\/et_pb_column][et_pb_column type=&#8220;1_3&#8243; module_class=&#8220;vertikal-zentrieren&#8220; _builder_version=&#8220;4.24.3&#8243; _module_preset=&#8220;default&#8220; global_colors_info=&#8220;{}&#8220;][et_pb_image src=&#8220;https:\/\/deisenhammer.f1-staging.work\/wp-content\/uploads\/2024\/04\/Augenlaser_2500px_rgb.jpg&#8220; title_text=&#8220;Laserowa korekcja wzroku.Pacjentka  na sali operacyjnej podczas&#8220; show_bottom_space=&#8220;off&#8220; align=&#8220;center&#8220; _builder_version=&#8220;4.24.3&#8243; _module_preset=&#8220;default&#8220; max_height=&#8220;350px&#8220; custom_margin=&#8220;20px||20px||false|false&#8220; global_colors_info=&#8220;{}&#8220;][\/et_pb_image][et_pb_heading title=&#8220;Medizin-Technologie&#8220; _builder_version=&#8220;4.24.3&#8243; _module_preset=&#8220;default&#8220; title_font=&#8220;|||on|||||&#8220; title_text_color=&#8220;#007C35&#8243; title_font_size=&#8220;40px&#8220; title_font_size_tablet=&#8220;40px&#8220; title_font_size_phone=&#8220;40px&#8220; title_font_size_last_edited=&#8220;on|phone&#8220; global_colors_info=&#8220;{}&#8220;][\/et_pb_heading][et_pb_text _builder_version=&#8220;4.25.1&#8243; _module_preset=&#8220;default&#8220; custom_margin=&#8220;||40px|||&#8220; global_colors_info=&#8220;{}&#8220;]<\/p>\n<p><span>Die Medizintechnikbranche erlebt ein schnelles Wachstum und Innovationen, angetrieben durch die weltweite Nachfrage nach fortschrittlichen Gesundheitsl\u00f6sungen. <\/span><\/p>\n<p><span>Polymere stehen im Mittelpunkt dieser Transformation und bieten ein breites Spektrum an Eigenschaften, die ma\u00dfgeschneidert werden k\u00f6nnen, um den strengen Anforderungen medizinischer Anwendungen gerecht zu werden. Von flexiblen Schl\u00e4uchen und Kathetern bis hin zu starren chirurgischen Instrumenten und implantierbaren Ger\u00e4ten bieten Polymere eine un\u00fcbertroffene Vielseitigkeit. Ihre F\u00e4higkeit, im Hinblick auf Biokompatibilit\u00e4t, Sterilisationskompatibilit\u00e4t und spezifische mechanische Eigenschaften konstruiert zu werden, macht sie in modernen medizinischen Ger\u00e4ten unverzichtbar. Dar\u00fcber hinaus sind Polymere f\u00fchrend bei der Entwicklung tragbarer Gesundheitsmonitore und implantierbarer Sensoren, die eine kontinuierliche Gesundheits\u00fcberwachung und personalisierte Medizin erm\u00f6glichen. <\/span><\/p>\n<p><span>Die fortlaufende Forschung und Entwicklung in der Polymerwissenschaft verspricht, neue M\u00f6glichkeiten in der Medizintechnik zu erschlie\u00dfen, die Patientenversorgung zu verbessern und zu bahnbrechenden Fortschritten bei medizinischen Behandlungen zu f\u00fchren.<\/span><\/p>\n<p>[\/et_pb_text][\/et_pb_column][\/et_pb_row][et_pb_row column_structure=&#8220;1_3,1_3,1_3&#8243; use_custom_gutter=&#8220;on&#8220; gutter_width=&#8220;2&#8243; make_equal=&#8220;on&#8220; _builder_version=&#8220;4.25.1&#8243; _module_preset=&#8220;default&#8220; custom_padding=&#8220;11px||11px||true|&#8220; hover_enabled=&#8220;0&#8243; global_colors_info=&#8220;{}&#8220; sticky_enabled=&#8220;0&#8243;][et_pb_column type=&#8220;1_3&#8243; _builder_version=&#8220;4.24.3&#8243; _module_preset=&#8220;default&#8220; global_colors_info=&#8220;{}&#8220;][et_pb_image src=&#8220;https:\/\/deisenhammer.f1-staging.work\/wp-content\/uploads\/2024\/04\/Dampfgarer_2500px_rgb.jpg&#8220; title_text=&#8220;Contemporary kitchen cabinetry with integrated oven&#8220; show_bottom_space=&#8220;off&#8220; align=&#8220;center&#8220; _builder_version=&#8220;4.24.3&#8243; _module_preset=&#8220;default&#8220; max_height=&#8220;350px&#8220; custom_margin=&#8220;20px||20px||false|false&#8220; global_colors_info=&#8220;{}&#8220;][\/et_pb_image][et_pb_heading title=&#8220;Weisse ware&#8220; _builder_version=&#8220;4.24.3&#8243; _module_preset=&#8220;default&#8220; title_font=&#8220;|||on|||||&#8220; title_text_color=&#8220;#007C35&#8243; title_font_size=&#8220;40px&#8220; title_font_size_tablet=&#8220;40px&#8220; title_font_size_phone=&#8220;40px&#8220; title_font_size_last_edited=&#8220;on|phone&#8220; global_colors_info=&#8220;{}&#8220;][\/et_pb_heading][et_pb_text _builder_version=&#8220;4.25.1&#8243; _module_preset=&#8220;default&#8220; custom_margin=&#8220;||40px|||&#8220; global_colors_info=&#8220;{}&#8220;]<\/p>\n<p><span>Die Wei\u00dfwarenbranche entwickelt sich rasant weiter, wobei der Schwerpunkt immer mehr auf intelligenter Technologie, Energieeffizienz und Nachhaltigkeit liegt.<\/span><\/p>\n<p><span> Polymere spielen bei dieser Entwicklung eine entscheidende Rolle und bieten Designflexibilit\u00e4t und Innovation bei Haushaltsger\u00e4ten. Ihre Verwendung erstreckt sich von Strukturkomponenten bis hin zu Isolierungen und \u00e4sthetischen Oberfl\u00e4chen und tr\u00e4gt zur Gesamtleistung, Effizienz und Benutzererfahrung der Ger\u00e4te bei. Die Integration intelligenter Technologien in Haushaltsger\u00e4te unterstreicht die Bedeutung von Polymeren, die zur Unterbringung von Sensoren und elektronischen Komponenten verwendet werden und Haltbarkeit und Sicherheit gew\u00e4hrleisten. <\/span><\/p>\n<p><span>Da Verbraucher immer umweltbewusster werden, steigt die Nachfrage nach Ger\u00e4ten, die nicht nur energieeffizient sind, sondern auch aus nachhaltigen Materialien hergestellt werden. Dieser Trend treibt die Entwicklung biobasierter und recycelbarer Polymere voran und markiert einen deutlichen Wandel hin zu umweltfreundlicheren und nachhaltigeren Haushaltsger\u00e4ten.<\/span><\/p>\n<p>[\/et_pb_text][\/et_pb_column][et_pb_column type=&#8220;1_3&#8243; module_class=&#8220;vertikal-zentrieren&#8220; _builder_version=&#8220;4.24.3&#8243; _module_preset=&#8220;default&#8220; global_colors_info=&#8220;{}&#8220;][et_pb_image src=&#8220;https:\/\/deisenhammer.f1-staging.work\/wp-content\/uploads\/2024\/04\/Holzindustrie_2500px_rgb.jpg&#8220; title_text=&#8220;Woodworking equipment in a furniture manufacture workshop&#8220; show_bottom_space=&#8220;off&#8220; align=&#8220;center&#8220; _builder_version=&#8220;4.24.3&#8243; _module_preset=&#8220;default&#8220; max_height=&#8220;350px&#8220; custom_margin=&#8220;20px||20px||false|false&#8220; global_colors_info=&#8220;{}&#8220;][\/et_pb_image][et_pb_heading title=&#8220;maschinenbau&#8220; _builder_version=&#8220;4.24.3&#8243; _module_preset=&#8220;default&#8220; title_font=&#8220;|||on|||||&#8220; title_text_color=&#8220;#007C35&#8243; title_font_size=&#8220;40px&#8220; title_font_size_tablet=&#8220;40px&#8220; title_font_size_phone=&#8220;40px&#8220; title_font_size_last_edited=&#8220;on|phone&#8220; global_colors_info=&#8220;{}&#8220;][\/et_pb_heading][et_pb_text _builder_version=&#8220;4.25.1&#8243; _module_preset=&#8220;default&#8220; custom_margin=&#8220;||40px|||&#8220; global_colors_info=&#8220;{}&#8220;]<\/p>\n<p><span>Der Ingenieursektor, der ein breites Spektrum an Disziplinen von der Halbleiterfertigung bis zum Maschinenbau umfasst, ist stark auf die einzigartigen Eigenschaften von Polymeren angewiesen.<\/span><\/p>\n<p><span> In der Halbleiterindustrie sind Polymere f\u00fcr die Herstellung mikroelektronischer Komponenten unverzichtbar, wo sie als dielektrische Materialien und Fotolacke dienen. Die fortschreitende Miniaturisierung elektronischer Ger\u00e4te erh\u00f6ht den Bedarf an Polymeren, die unter verschiedenen Bedingungen eine hohe Pr\u00e4zision und Stabilit\u00e4t bieten. Im Maschinenbau werden Polymere zur Herstellung von Bauteilen verwendet, die leicht und dennoch stabil sind und in einigen Anwendungen Metalle ersetzen k\u00f6nnen, um das Gewicht zu reduzieren und die Energieeffizienz zu verbessern. Die Vielseitigkeit von Polymeren erm\u00f6glicht Innovationen in Design und Funktionalit\u00e4t in verschiedenen technischen Anwendungen, von der Luft- und Raumfahrt bis zur Automobilindustrie und dar\u00fcber hinaus. <\/span><\/p>\n<p><span>Die Entwicklung neuer Polymerverbundstoffe und Nanomaterialien wird die F\u00e4higkeiten und Anwendungen technischer L\u00f6sungen weiter verbessern und den Fortschritt in allen Branchen vorantreiben.<\/span><\/p>\n<p>[\/et_pb_text][\/et_pb_column][et_pb_column type=&#8220;1_3&#8243; module_class=&#8220;vertikal-zentrieren&#8220; _builder_version=&#8220;4.25.1&#8243; _module_preset=&#8220;default&#8220; background_color=&#8220;#DADADA&#8220; custom_padding=&#8220;|30px||30px|false|true&#8220; custom_padding_tablet=&#8220;20px||||false|true&#8220; custom_padding_phone=&#8220;|0px||0px|false|true&#8220; custom_padding_last_edited=&#8220;on|phone&#8220; global_colors_info=&#8220;{}&#8220;][et_pb_cta title=&#8220;Sie m\u00f6chten wissen, was wir f\u00fcr Ihr Unternehmen umsetzen k\u00f6nnen?&#8220; button_url=&#8220;@ET-DC@eyJkeW5hbWljIjp0cnVlLCJjb250ZW50IjoicG9zdF9saW5rX3VybF9wYWdlIiwic2V0dGluZ3MiOnsicG9zdF9pZCI6IjE5MiJ9fQ==@&#8220; button_text=&#8220;zum Kontakt&#8220; _builder_version=&#8220;4.25.1&#8243; _dynamic_attributes=&#8220;button_url&#8220; _module_preset=&#8220;default&#8220; header_font_size=&#8220;36px&#8220; body_font_size=&#8220;24px&#8220; background_color=&#8220;RGBA(255,255,255,0)&#8220; custom_button=&#8220;on&#8220; button_text_color=&#8220;#007C35&#8243; background_layout=&#8220;light&#8220; global_colors_info=&#8220;{}&#8220;]<\/p>\n<p>Kontaktieren Sie uns einfach, wir informieren Sie gerne genauer!<\/p>\n<p>[\/et_pb_cta][\/et_pb_column][\/et_pb_row][\/et_pb_section]<\/p>","protected":false},"excerpt":{"rendered":"<p>AnwendungsbereicheUnsere Produkte sind vielf\u00e4ltig &#8211; ebenso wie die unz\u00e4hligen Bereiche, in denen sie eingesetzt werden.Wir entwickeln f\u00fcr und mit unseren Kunden Produkte, die optimal zu ihren Einsatzbereichen passen.Das f\u00e4ngt bei der ma\u00dfgeschneiderten Material-Mischung an, und setzt sich \u00fcber Prototypen-Entwicklung bis zur Serienproduktion fort.Einige Beispiele f\u00fcr Industrien, in denen wir bereits langfristig sehr erfolgreich mit Kunden [&hellip;]<\/p>","protected":false},"author":1,"featured_media":0,"parent":0,"menu_order":0,"comment_status":"closed","ping_status":"closed","template":"","meta":{"_et_pb_use_builder":"on","_et_pb_old_content":"<!-- wp:divi\/placeholder \/-->","_et_gb_content_width":"","footnotes":""},"class_list":["post-593","page","type-page","status-publish","hentry"],"aioseo_notices":[],"_links":{"self":[{"href":"https:\/\/deisenhammer.f1-staging.work\/en\/wp-json\/wp\/v2\/pages\/593","targetHints":{"allow":["GET"]}}],"collection":[{"href":"https:\/\/deisenhammer.f1-staging.work\/en\/wp-json\/wp\/v2\/pages"}],"about":[{"href":"https:\/\/deisenhammer.f1-staging.work\/en\/wp-json\/wp\/v2\/types\/page"}],"author":[{"embeddable":true,"href":"https:\/\/deisenhammer.f1-staging.work\/en\/wp-json\/wp\/v2\/users\/1"}],"replies":[{"embeddable":true,"href":"https:\/\/deisenhammer.f1-staging.work\/en\/wp-json\/wp\/v2\/comments?post=593"}],"version-history":[{"count":31,"href":"https:\/\/deisenhammer.f1-staging.work\/en\/wp-json\/wp\/v2\/pages\/593\/revisions"}],"predecessor-version":[{"id":749,"href":"https:\/\/deisenhammer.f1-staging.work\/en\/wp-json\/wp\/v2\/pages\/593\/revisions\/749"}],"wp:attachment":[{"href":"https:\/\/deisenhammer.f1-staging.work\/en\/wp-json\/wp\/v2\/media?parent=593"}],"curies":[{"name":"wp","href":"https:\/\/api.w.org\/{rel}","templated":true}]}}