{"id":45,"date":"2024-02-07T14:00:51","date_gmt":"2024-02-07T13:00:51","guid":{"rendered":"https:\/\/deisenhammer.f1-staging.work\/?page_id=45"},"modified":"2024-05-28T17:10:07","modified_gmt":"2024-05-28T15:10:07","slug":"impressum","status":"publish","type":"page","link":"https:\/\/deisenhammer.f1-staging.work\/en\/impressum\/","title":{"rendered":"Impressum"},"content":{"rendered":"<p>[et_pb_section fb_built=&#8220;1&#8243; _builder_version=&#8220;4.24.2&#8243; _module_preset=&#8220;default&#8220; global_colors_info=&#8220;{}&#8220;][et_pb_row _builder_version=&#8220;4.25.1&#8243; _module_preset=&#8220;default&#8220; hover_enabled=&#8220;0&#8243; global_colors_info=&#8220;{}&#8220; width=&#8220;50%&#8220; width_last_edited=&#8220;on|phone&#8220; sticky_enabled=&#8220;0&#8243; width_tablet=&#8220;75%&#8220; width_phone=&#8220;75%&#8220;][et_pb_column type=&#8220;4_4&#8243; _builder_version=&#8220;4.24.2&#8243; _module_preset=&#8220;default&#8220; global_colors_info=&#8220;{}&#8220;][et_pb_text _builder_version=&#8220;4.25.1&#8243; _module_preset=&#8220;default&#8220; hover_enabled=&#8220;0&#8243; global_colors_info=&#8220;{}&#8220; text_text_color=&#8220;#3B3B3A&#8220; link_text_color=&#8220;#3B3B3A&#8220; link_font=&#8220;|300|||||||&#8220; sticky_enabled=&#8220;0&#8243;]<\/p>\n<h4>Impressum<\/h4>\n<p><b>Informationen und Offenlegung gem\u00e4\u00df \u00a75 (1) ECG, \u00a7 25 MedienG, \u00a7 63 GewO und \u00a7 14 UGB<\/b><\/p>\n<p><b>Webseitenbetreiber:<\/b><span>\u00a0<\/span>Deisenhammer GmbH<br \/><b>Firmenbuchnummer:<\/b><span>\u00a0<\/span>FN 100139 p<br \/><b>Firmenbuchgericht:<span>\u00a0<\/span><\/b>LG Wels<\/p>\n<p><b>Anschrift:<\/b><span>\u00a0<\/span>Blockstra\u00dfe 5a, 4623 Gunskirchen<\/p>\n<p><b>UID-Nr:<\/b><span>\u00a0<\/span>ATU 57862147<br \/><b>Gewerbeaufsichtbeh\u00f6rde:<\/b><span>\u00a0<\/span>Bezirkshauptmannschaft Wels<br \/><b>Mitgliedschaften:<span>\u00a0<\/span><\/b>Mitglied bei der WKO<\/p>\n<p><b>Kontaktdaten:<\/b><br \/>Telefon: 0043 7246 7305<br \/>Email: anfrage@deisenhammer.at<\/p>\n<p><b>Anwendbare Rechtsvorschrift:<\/b><span>\u00a0<\/span>www.ris.bka.gv.at<\/p>\n<p><b>Urheberrecht:<\/b><span>\u00a0<\/span>Die Inhalte dieser Webseite unterliegen, soweit dies rechtlich m\u00f6glich ist, diversen Schutzrechten (z.B dem Urheberrecht). Jegliche Verwendung\/Verbreitung von bereitgestelltem Material, welche urheberrechtlich untersagt ist, bedarf schriftlicher Zustimmung des Webseitenbetreibers.<\/p>\n<p><b>Haftungsausschluss:<\/b><span>\u00a0<\/span>Trotz sorgf\u00e4ltiger inhaltlicher Kontrolle \u00fcbernimmt der Webseitenbetreiber dieser Webseite keine Haftung f\u00fcr die Inhalte externer Links. F\u00fcr den Inhalt der verlinkten Seiten sind ausschlie\u00dflich deren Betreiber verantwortlich. Sollten Sie dennoch auf ausgehende Links aufmerksam werden, welche auf eine Webseite mit rechtswidriger T\u00e4tigkeit\/Information verweisen, ersuchen wir um dementsprechenden Hinweis, um diese nach \u00a7 17 Abs. 2 ECG umgehend zu entfernen.<br \/>Die Urheberrechte Dritter werden vom Betreiber dieser Webseite mit gr\u00f6\u00dfter Sorgfalt beachtet. Sollten Sie trotzdem auf eine Urheberrechtsverletzung aufmerksam werden, bitten wir um einen entsprechenden Hinweis. Bei Bekanntwerden derartiger Rechtsverletzungen werden wir den betroffenen Inhalt umgehend entfernen.<\/p>\n<p>Quelle:<span>\u00a0<\/span><b><a href=\"https:\/\/www.fairesrecht.at\/kostenlos-impressum-erstellen-generator.php\">Impressum Generator<\/a><\/b><\/p>\n<p>[\/et_pb_text][\/et_pb_column][\/et_pb_row][\/et_pb_section]<\/p>","protected":false},"excerpt":{"rendered":"<p>Impressum Informationen und Offenlegung gem\u00e4\u00df \u00a75 (1) ECG, \u00a7 25 MedienG, \u00a7 63 GewO und \u00a7 14 UGB Webseitenbetreiber:\u00a0Deisenhammer GmbHFirmenbuchnummer:\u00a0FN 100139 pFirmenbuchgericht:\u00a0LG Wels Anschrift:\u00a0Blockstra\u00dfe 5a, 4623 Gunskirchen UID-Nr:\u00a0ATU 57862147Gewerbeaufsichtbeh\u00f6rde:\u00a0Bezirkshauptmannschaft WelsMitgliedschaften:\u00a0Mitglied bei der WKO Kontaktdaten:Telefon: 0043 7246 7305Email: anfrage@deisenhammer.at Anwendbare Rechtsvorschrift:\u00a0www.ris.bka.gv.at Urheberrecht:\u00a0Die Inhalte dieser Webseite unterliegen, soweit dies rechtlich m\u00f6glich ist, diversen Schutzrechten (z.B dem Urheberrecht). [&hellip;]<\/p>","protected":false},"author":1,"featured_media":0,"parent":0,"menu_order":0,"comment_status":"closed","ping_status":"closed","template":"","meta":{"_et_pb_use_builder":"on","_et_pb_old_content":"<!-- wp:divi\/placeholder \/-->","_et_gb_content_width":"","footnotes":""},"class_list":["post-45","page","type-page","status-publish","hentry"],"aioseo_notices":[],"_links":{"self":[{"href":"https:\/\/deisenhammer.f1-staging.work\/en\/wp-json\/wp\/v2\/pages\/45","targetHints":{"allow":["GET"]}}],"collection":[{"href":"https:\/\/deisenhammer.f1-staging.work\/en\/wp-json\/wp\/v2\/pages"}],"about":[{"href":"https:\/\/deisenhammer.f1-staging.work\/en\/wp-json\/wp\/v2\/types\/page"}],"author":[{"embeddable":true,"href":"https:\/\/deisenhammer.f1-staging.work\/en\/wp-json\/wp\/v2\/users\/1"}],"replies":[{"embeddable":true,"href":"https:\/\/deisenhammer.f1-staging.work\/en\/wp-json\/wp\/v2\/comments?post=45"}],"version-history":[{"count":6,"href":"https:\/\/deisenhammer.f1-staging.work\/en\/wp-json\/wp\/v2\/pages\/45\/revisions"}],"predecessor-version":[{"id":731,"href":"https:\/\/deisenhammer.f1-staging.work\/en\/wp-json\/wp\/v2\/pages\/45\/revisions\/731"}],"wp:attachment":[{"href":"https:\/\/deisenhammer.f1-staging.work\/en\/wp-json\/wp\/v2\/media?parent=45"}],"curies":[{"name":"wp","href":"https:\/\/api.w.org\/{rel}","templated":true}]}}