{"id":353,"date":"2024-03-20T08:34:21","date_gmt":"2024-03-20T07:34:21","guid":{"rendered":"https:\/\/deisenhammer.f1-staging.work\/?page_id=353"},"modified":"2024-03-20T08:55:26","modified_gmt":"2024-03-20T07:55:26","slug":"umweltschutz-nachhaltigkeit","status":"publish","type":"page","link":"https:\/\/deisenhammer.f1-staging.work\/en\/umweltschutz-nachhaltigkeit\/","title":{"rendered":"Umweltschutz &#038; Nachhaltigkeit"},"content":{"rendered":"<p>[et_pb_section fb_built=&#8220;1&#8243; _builder_version=&#8220;4.24.2&#8243; _module_preset=&#8220;default&#8220; custom_padding=&#8220;60px||0px|||&#8220; global_colors_info=&#8220;{}&#8220;][et_pb_row _builder_version=&#8220;4.24.2&#8243; _module_preset=&#8220;default&#8220; custom_padding=&#8220;58px||58px||true|&#8220; border_width_bottom=&#8220;3px&#8220; border_color_bottom=&#8220;#007C35&#8243; global_colors_info=&#8220;{}&#8220;][et_pb_column type=&#8220;4_4&#8243; _builder_version=&#8220;4.24.2&#8243; _module_preset=&#8220;default&#8220; global_colors_info=&#8220;{}&#8220;][et_pb_text _builder_version=&#8220;4.24.2&#8243; _module_preset=&#8220;default&#8220; global_colors_info=&#8220;{}&#8220;]<\/p>\n<h1 style=\"text-align: center;\">Nachhaltigkeit und umweltschutz<\/h1>\n<p>[\/et_pb_text][et_pb_text _builder_version=&#8220;4.24.2&#8243; _module_preset=&#8220;default&#8220; text_text_color=&#8220;#3B3B3A&#8220; header_2_text_color=&#8220;#FFFFFF&#8220; custom_padding=&#8220;||40px|||&#8220; header_2_letter_spacing_tablet=&#8220;&#8220; header_2_letter_spacing_phone=&#8220;0px&#8220; header_2_letter_spacing_last_edited=&#8220;on|desktop&#8220; global_colors_info=&#8220;{}&#8220;]<\/p>\n<p style=\"text-align: center;\">Bei Deisenhammer verbinden wir fortschrittliche Elastomertechnologie mit einem klaren Bekenntnis zu Nachhaltigkeit und Umweltschutz. <br \/>Unsere Verantwortung erstreckt sich \u00fcber die Herstellung hochwertiger Elastomerprodukte hinaus, denn wir setzen uns aktiv f\u00fcr umweltfreundliche Praktiken und Ressourcenschonung ein. <br \/>Wir verpflichten unsere Lieferanten und Kooperationspartner entlang der gesamten Lieferkette entsprechend unserer Vorgaben zu handeln.<\/p>\n<p>[\/et_pb_text][\/et_pb_column][\/et_pb_row][\/et_pb_section][et_pb_section fb_built=&#8220;1&#8243; _builder_version=&#8220;4.24.2&#8243; _module_preset=&#8220;default&#8220; custom_padding=&#8220;22px|||||&#8220; global_colors_info=&#8220;{}&#8220;][et_pb_row column_structure=&#8220;1_2,1_2&#8243; _builder_version=&#8220;4.24.2&#8243; _module_preset=&#8220;default&#8220; custom_padding=&#8220;21px|||||&#8220; hover_enabled=&#8220;0&#8243; global_colors_info=&#8220;{}&#8220; make_equal=&#8220;on&#8220; sticky_enabled=&#8220;0&#8243;][et_pb_column type=&#8220;1_2&#8243; _builder_version=&#8220;4.24.2&#8243; _module_preset=&#8220;default&#8220; global_colors_info=&#8220;{}&#8220;][et_pb_image src=&#8220;https:\/\/deisenhammer.f1-staging.work\/wp-content\/uploads\/2024\/03\/johann-siemens-EPy0gBJzzZU-unsplash.webp&#8220; title_text=&#8220;johann-siemens-EPy0gBJzzZU-unsplash&#8220; align=&#8220;center&#8220; _builder_version=&#8220;4.24.2&#8243; _module_preset=&#8220;default&#8220; module_alignment=&#8220;center&#8220; global_colors_info=&#8220;{}&#8220;][\/et_pb_image][\/et_pb_column][et_pb_column type=&#8220;1_2&#8243; _builder_version=&#8220;4.24.2&#8243; _module_preset=&#8220;default&#8220; custom_padding=&#8220;|||30px|false|false&#8220; hover_enabled=&#8220;0&#8243; global_colors_info=&#8220;{}&#8220; module_class=&#8220;vertikal-zentrieren&#8220; sticky_enabled=&#8220;0&#8243;][et_pb_text _builder_version=&#8220;4.24.2&#8243; _module_preset=&#8220;default&#8220; text_text_color=&#8220;#3B3B3A&#8220; custom_margin=&#8220;||25px||false|false&#8220; hover_enabled=&#8220;0&#8243; global_colors_info=&#8220;{}&#8220; width=&#8220;75%&#8220; sticky_enabled=&#8220;0&#8243; width_last_edited=&#8220;on|desktop&#8220; custom_padding=&#8220;||25px||false|false&#8220; border_width_bottom=&#8220;1px&#8220; border_color_bottom=&#8220;#DADADA&#8220; width_tablet=&#8220;75%&#8220; width_phone=&#8220;75%&#8220;]<\/p>\n<p><strong>Nachhaltige Fertigungsprozesse<\/strong><br \/>Unsere Produktionsabl\u00e4ufe sind darauf ausgerichtet, den \u00f6kologischen Fu\u00dfabdruck zu minimieren. Durch den Einsatz moderner Technologien optimieren wir Energieeffizienz, reduzieren Abfall und setzen auf ressourcenschonende Herstellungsverfahren. So tragen wir dazu bei, die Umweltauswirkungen unserer Produktion so gering wie m\u00f6glich zu halten.<\/p>\n<p>[\/et_pb_text][et_pb_text _builder_version=&#8220;4.24.2&#8243; _module_preset=&#8220;default&#8220; text_text_color=&#8220;#3B3B3A&#8220; custom_margin=&#8220;||25px||false|false&#8220; global_colors_info=&#8220;{}&#8220; sticky_enabled=&#8220;0&#8243; width=&#8220;75%&#8220; width_last_edited=&#8220;on|desktop&#8220; custom_padding=&#8220;||25px||false|false&#8220; border_width_bottom=&#8220;1px&#8220; border_color_bottom=&#8220;#DADADA&#8220; width_tablet=&#8220;75%&#8220; width_phone=&#8220;75%&#8220;]<\/p>\n<p><strong>Wertvolle Ressourcen schonen<\/strong><br \/>Unsere Bem\u00fchungen gehen \u00fcber die Fertigung hinaus \u2013 wir streben danach, wertvolle Ressourcen zu schonen. Von der Auswahl nachhaltiger Materialien bis zur effizienten Nutzung von Wasser und Energie setzen wir auf eine ganzheitliche und verantwortungsbewusste Herangehensweise. Unser Ziel ist es, die Umweltbelastung zu minimieren und einen Beitrag zum globalen Umweltschutz zu leisten.\u00a0<\/p>\n<p>[\/et_pb_text][et_pb_text _builder_version=&#8220;4.24.2&#8243; _module_preset=&#8220;default&#8220; text_text_color=&#8220;#3B3B3A&#8220; custom_margin=&#8220;||25px||false|false&#8220; global_colors_info=&#8220;{}&#8220; width=&#8220;75%&#8220; width_last_edited=&#8220;on|desktop&#8220; custom_padding=&#8220;||25px||false|false&#8220; border_width_bottom=&#8220;1px&#8220; border_color_bottom=&#8220;#DADADA&#8220; width_tablet=&#8220;75%&#8220; width_phone=&#8220;75%&#8220;]<\/p>\n<p><strong>Verpflichtung zur Einhaltung von Standards<\/strong><br \/>Gegen\u00fcber dem Gesetzgeber verpflichten wir uns zur strikten Einhaltung aller beh\u00f6rdlichen und gesetzlichen Auflagen. Diese Verpflichtung erstreckt sich nicht nur auf die Qualit\u00e4t unserer Produkte, sondern auch auf den Umweltschutz. Wir setzen alles daran, Umweltauflagen zu erf\u00fcllen und aktiv dazu beizutragen, wertvolle Ressourcen zu sch\u00fctzen.<\/p>\n<p>[\/et_pb_text][et_pb_text _builder_version=&#8220;4.24.2&#8243; _module_preset=&#8220;default&#8220; text_text_color=&#8220;#3B3B3A&#8220; custom_margin=&#8220;||25px||false|false&#8220; global_colors_info=&#8220;{}&#8220; width=&#8220;75%&#8220; width_last_edited=&#8220;on|desktop&#8220; custom_padding=&#8220;||25px||false|false&#8220; border_width_bottom=&#8220;1px&#8220; border_color_bottom=&#8220;#DADADA&#8220; width_tablet=&#8220;75%&#8220; width_phone=&#8220;75%&#8220;]<\/p>\n<p><strong>Umweltfreundliche Innovationen<\/strong><br \/>Unsere Innovationskraft treibt uns dazu an, nachhaltige L\u00f6sungen zu entwickeln. Wir erforschen kontinuierlich neue Wege, umweltfreundliche Materialien und Prozesse zu integrieren. Dies erm\u00f6glicht es uns, Produkte zu schaffen, die nicht nur h\u00f6chsten Qualit\u00e4tsstandards entsprechen, sondern auch umweltvertr\u00e4glich sind.<\/p>\n<p>[\/et_pb_text][et_pb_text _builder_version=&#8220;4.24.2&#8243; _module_preset=&#8220;default&#8220; text_text_color=&#8220;#3B3B3A&#8220; custom_margin=&#8220;||21px|||&#8220; global_colors_info=&#8220;{}&#8220; width=&#8220;75%&#8220; width_last_edited=&#8220;on|desktop&#8220; width_tablet=&#8220;75%&#8220; width_phone=&#8220;75%&#8220;]<\/p>\n<p><strong>Gesellschaftliche Verantwortung<\/strong><br \/>Unsere Verantwortung endet nicht an den Werkstoren.<br \/>Wir engagieren uns aktiv in unserer Gemeinschaft und f\u00f6rdern soziales Engagement. Durch Bildungsinitiativen, Unterst\u00fctzung lokaler Organisationen und eine transparente Kommunikation tragen wir dazu bei, einen positiven Einfluss auf die Gesellschaft und unsere Umwelt auszu\u00fcben.<\/p>\n<p>[\/et_pb_text][\/et_pb_column][\/et_pb_row][\/et_pb_section]<\/p>","protected":false},"excerpt":{"rendered":"<p>Nachhaltigkeit und umweltschutzBei Deisenhammer verbinden wir fortschrittliche Elastomertechnologie mit einem klaren Bekenntnis zu Nachhaltigkeit und Umweltschutz. Unsere Verantwortung erstreckt sich \u00fcber die Herstellung hochwertiger Elastomerprodukte hinaus, denn wir setzen uns aktiv f\u00fcr umweltfreundliche Praktiken und Ressourcenschonung ein. Wir verpflichten unsere Lieferanten und Kooperationspartner entlang der gesamten Lieferkette entsprechend unserer Vorgaben zu handeln.Nachhaltige FertigungsprozesseUnsere Produktionsabl\u00e4ufe sind [&hellip;]<\/p>","protected":false},"author":1,"featured_media":0,"parent":0,"menu_order":0,"comment_status":"closed","ping_status":"closed","template":"","meta":{"_et_pb_use_builder":"on","_et_pb_old_content":"<!-- wp:divi\/placeholder \/-->","_et_gb_content_width":"","footnotes":""},"class_list":["post-353","page","type-page","status-publish","hentry"],"aioseo_notices":[],"_links":{"self":[{"href":"https:\/\/deisenhammer.f1-staging.work\/en\/wp-json\/wp\/v2\/pages\/353","targetHints":{"allow":["GET"]}}],"collection":[{"href":"https:\/\/deisenhammer.f1-staging.work\/en\/wp-json\/wp\/v2\/pages"}],"about":[{"href":"https:\/\/deisenhammer.f1-staging.work\/en\/wp-json\/wp\/v2\/types\/page"}],"author":[{"embeddable":true,"href":"https:\/\/deisenhammer.f1-staging.work\/en\/wp-json\/wp\/v2\/users\/1"}],"replies":[{"embeddable":true,"href":"https:\/\/deisenhammer.f1-staging.work\/en\/wp-json\/wp\/v2\/comments?post=353"}],"version-history":[{"count":5,"href":"https:\/\/deisenhammer.f1-staging.work\/en\/wp-json\/wp\/v2\/pages\/353\/revisions"}],"predecessor-version":[{"id":368,"href":"https:\/\/deisenhammer.f1-staging.work\/en\/wp-json\/wp\/v2\/pages\/353\/revisions\/368"}],"wp:attachment":[{"href":"https:\/\/deisenhammer.f1-staging.work\/en\/wp-json\/wp\/v2\/media?parent=353"}],"curies":[{"name":"wp","href":"https:\/\/api.w.org\/{rel}","templated":true}]}}