{"id":347,"date":"2024-03-18T12:48:43","date_gmt":"2024-03-18T11:48:43","guid":{"rendered":"https:\/\/deisenhammer.f1-staging.work\/?page_id=347"},"modified":"2024-05-29T13:47:57","modified_gmt":"2024-05-29T11:47:57","slug":"qualitaet","status":"publish","type":"page","link":"https:\/\/deisenhammer.f1-staging.work\/en\/qualitaet\/","title":{"rendered":"quality"},"content":{"rendered":"<p>[et_pb_section fb_built=&#8220;1&#8243; _builder_version=&#8220;4.24.2&#8243; _module_preset=&#8220;default&#8220; custom_padding=&#8220;60px||0px|||&#8220; global_colors_info=&#8220;{}&#8220;][et_pb_row _builder_version=&#8220;4.24.2&#8243; _module_preset=&#8220;default&#8220; custom_padding=&#8220;58px||58px||true|&#8220; border_width_bottom=&#8220;3px&#8220; border_color_bottom=&#8220;#007C35&#8243; global_colors_info=&#8220;{}&#8220;][et_pb_column type=&#8220;4_4&#8243; _builder_version=&#8220;4.24.2&#8243; _module_preset=&#8220;default&#8220; global_colors_info=&#8220;{}&#8220;][et_pb_text _builder_version=&#8220;4.24.2&#8243; _module_preset=&#8220;default&#8220; global_colors_info=&#8220;{}&#8220;]<\/p>\n<h1 style=\"text-align: center;\">quality<\/h1>\n<p>[\/et_pb_text][\/et_pb_column][\/et_pb_row][et_pb_row column_structure=&#8220;2_5,3_5&#8243; use_custom_gutter=&#8220;on&#8220; gutter_width=&#8220;2&#8243; make_equal=&#8220;on&#8220; _builder_version=&#8220;4.25.1&#8243; _module_preset=&#8220;default&#8220; custom_margin=&#8220;||50px||false|false&#8220; custom_padding=&#8220;90px||90px||true|&#8220; border_width_bottom=&#8220;3px&#8220; border_color_bottom=&#8220;#DADADA&#8220; global_colors_info=&#8220;{}&#8220;][et_pb_column type=&#8220;2_5&#8243; module_class=&#8220;vertikal-zentrieren&#8220; _builder_version=&#8220;4.25.1&#8243; _module_preset=&#8220;default&#8220; global_colors_info=&#8220;{}&#8220;][et_pb_image src=&#8220;https:\/\/deisenhammer.f1-staging.work\/wp-content\/uploads\/2024\/05\/deisenhammer_qualitaetskontrolle.webp&#8220; title_text=&#8220;deisenhammer_qualitaetskontrolle&#8220; _builder_version=&#8220;4.25.1&#8243; _module_preset=&#8220;default&#8220; global_colors_info=&#8220;{}&#8220;][\/et_pb_image][\/et_pb_column][et_pb_column type=&#8220;3_5&#8243; module_class=&#8220;vertikal-zentrieren&#8220; _builder_version=&#8220;4.25.1&#8243; _module_preset=&#8220;default&#8220; global_colors_info=&#8220;{}&#8220;][et_pb_text content_tablet=&#8220;<\/p>\n<h2>Qualit\u00e4tsmanagement<\/h2>\n<p>In unserem Bestreben nach Exzellenz und h\u00f6chster Kundenzufriedenheit steht bei Deisenhammer das Qualit\u00e4tsmanagement im Mittelpunkt unserer Unternehmensphilosophie.<\/p>\n<p>Unsere Prozesse sind nicht nur auf die Einhaltung der strengsten Qualit\u00e4tsstandards ausgerichtet, sondern auch darauf, kontinuierlich zu lernen, zu verbessern und unseren Kunden Produkte von herausragender Qualit\u00e4t zu liefern. Unser Qualit\u00e4tsmanagementsystem, zertifiziert nach ISO 9001:2015, bildet das R\u00fcckgrat unserer Produktionsabl\u00e4ufe. Wir setzen auf beherrschte Prozesse, um eine gleichbleibende Qualit\u00e4t sicherzustellen und gleichzeitig h\u00f6chste Termintreue zu gew\u00e4hrleisten.<\/p>\n<p>Unsere Produkte durchlaufen strenge Kontrollen, angefangen bei der Auswahl der Rohmaterialien bis hin zur Endkontrolle vor der Auslieferung. Eine zentrale Rolle spielen dabei insbesondere unsere langj\u00e4hrigen namenhaften Lieferanten f\u00fcr Elastomermischungen, die allesamt in Europa angesiedelt sind.<\/p>\n<p>Kundenzufriedenheit ist f\u00fcr uns nicht nur ein Ziel, sondern eine Verpflichtung. Wir verstehen, dass Qualit\u00e4t nicht nur das Produkt selbst betrifft, sondern auch den gesamten Prozess, von der Anfrage bis zur Lieferung. Unsere Kunden k\u00f6nnen darauf vertrauen, dass jedes Produkt, das unser Werk verl\u00e4sst, den h\u00f6chsten Standards entspricht und den Erwartungen in Bezug auf Pr\u00e4zision, Leistung und Zuverl\u00e4ssigkeit gerecht wird.<\/p>\n<p>Unsere Qualit\u00e4tssicherung endet nicht mit der Zertifizierung \u2013 sie ist ein kontinuierlicher Prozess. Durch Schulungen und kontinuierliche Verbesserungsinitiativen stellen wir sicher, dass unser Team stets auf dem neuesten Stand ist und die Qualit\u00e4tsziele kontinuierlich \u00fcbertroffen werden. Qualit\u00e4t ist f\u00fcr uns nicht nur ein Versprechen an unsere Kunden, sondern eine Verpflichtung, die wir Tag f\u00fcr Tag erf\u00fcllen.<\/p>\n<p>Bei Deisenhammer gehen wir \u00fcber die Erwartungen hinaus, um sicherzustellen, dass jedes Produkt, das unser Werk verl\u00e4sst, ein Zeugnis f\u00fcr h\u00f6chste Qualit\u00e4t und Zuverl\u00e4ssigkeit ist.<\/p>\n<p>&#8220; content_phone=&#8220;<\/p>\n<h2>Qualit\u00e4ts-management<\/h2>\n<p>In unserem Bestreben nach Exzellenz und h\u00f6chster Kundenzufriedenheit steht bei Deisenhammer das Qualit\u00e4tsmanagement im Mittelpunkt unserer Unternehmensphilosophie.<\/p>\n<p>Unsere Prozesse sind nicht nur auf die Einhaltung der strengsten Qualit\u00e4tsstandards ausgerichtet, sondern auch darauf, kontinuierlich zu lernen, zu verbessern und unseren Kunden Produkte von herausragender Qualit\u00e4t zu liefern. Unser Qualit\u00e4tsmanagementsystem, zertifiziert nach ISO 9001:2015, bildet das R\u00fcckgrat unserer Produktionsabl\u00e4ufe. Wir setzen auf beherrschte Prozesse, um eine gleichbleibende Qualit\u00e4t sicherzustellen und gleichzeitig h\u00f6chste Termintreue zu gew\u00e4hrleisten.<\/p>\n<p>Unsere Produkte durchlaufen strenge Kontrollen, angefangen bei der Auswahl der Rohmaterialien bis hin zur Endkontrolle vor der Auslieferung. Eine zentrale Rolle spielen dabei insbesondere unsere langj\u00e4hrigen namenhaften Lieferanten f\u00fcr Elastomermischungen, die allesamt in Europa angesiedelt sind.<\/p>\n<p>Kundenzufriedenheit ist f\u00fcr uns nicht nur ein Ziel, sondern eine Verpflichtung. Wir verstehen, dass Qualit\u00e4t nicht nur das Produkt selbst betrifft, sondern auch den gesamten Prozess, von der Anfrage bis zur Lieferung. Unsere Kunden k\u00f6nnen darauf vertrauen, dass jedes Produkt, das unser Werk verl\u00e4sst, den h\u00f6chsten Standards entspricht und den Erwartungen in Bezug auf Pr\u00e4zision, Leistung und Zuverl\u00e4ssigkeit gerecht wird.<\/p>\n<p>Unsere Qualit\u00e4tssicherung endet nicht mit der Zertifizierung \u2013 sie ist ein kontinuierlicher Prozess. Durch Schulungen und kontinuierliche Verbesserungsinitiativen stellen wir sicher, dass unser Team stets auf dem neuesten Stand ist und die Qualit\u00e4tsziele kontinuierlich \u00fcbertroffen werden. Qualit\u00e4t ist f\u00fcr uns nicht nur ein Versprechen an unsere Kunden, sondern eine Verpflichtung, die wir Tag f\u00fcr Tag erf\u00fcllen.<\/p>\n<p>Bei Deisenhammer gehen wir \u00fcber die Erwartungen hinaus, um sicherzustellen, dass jedes Produkt, das unser Werk verl\u00e4sst, ein Zeugnis f\u00fcr h\u00f6chste Qualit\u00e4t und Zuverl\u00e4ssigkeit ist.<\/p>\n<p>&#8220; content_last_edited=&#8220;off|desktop&#8220; _builder_version=&#8220;4.25.1&#8243; _module_preset=&#8220;default&#8220; header_5_text_color=&#8220;#737373&#8243; header_5_line_height=&#8220;1em&#8220; custom_margin=&#8220;40px|||||&#8220; global_colors_info=&#8220;{}&#8220;]<\/p>\n<h2>Unser Kunde steht im mittelpunkt unseres tuns und handelns.<\/h2>\n<h5>Unser Ziel ist, hohe Kundenzufriedenheit durch Qualit\u00e4t, Service und eine langfristige, partnerschaftliche Beziehung zu erreichen.<\/h5>\n<p>Dass wir unsere Produktions-Prozesse beherrschen, gew\u00e4hrleistet Qualit\u00e4t, Termintreue und Wettbewerbsf\u00e4higkeit.<\/p>\n<p>Wir pflegen internationale Kontakte, welche Flexibilit\u00e4t in der Auswahl der Produktionsstandorte erm\u00f6glichen. Unseren Lieferanten gegen\u00fcber sind uns faire Bedingungen, Planungssicherheit und vertrauensw\u00fcrdige Partnerschaften wichtige Eckpfeiler, um langfristige Zusammenarbeit f\u00fcr beide Seiten nicht nur sinnvoll, sondern auch erfolgreich zu gestalten.<\/p>\n<p>Die Zufriedenheit unserer Mitarbeiter gew\u00e4hrleisten wir nicht einfach nur durch marktgerechte und leistungsbezogene Entlohnung. Hohe Standards bei Sicherheit und sozialer Verantwortung sowie die F\u00f6rderung von Qualifikation und Weiterentwicklung sind bei uns selbstverst\u00e4ndlich. Ein sicherer Arbeitsplatz mit gerechter Entlohnung, Gesundheitserhaltung in allen Arbeitsbereichen, transparente Organisationsstruktur und die F\u00f6rderung motivierter Mitarbeiter sind zentrale Aspekte unserer Unternehmenskultur.<\/p>\n<p>Wir verpflichten uns zur Ressourcenschonung im Hinblick auf Umweltbelastung und Abfallvermeidung, unterst\u00fctzen soziales Engagement in der Region und streben kontinuierliche Verbesserungen in der Nachhaltigkeitsf\u00f6rderung an. Das Ziel ist es, wertvolle Ressourcen zu schonen und Umweltbelastungen aktiv zu vermeiden.<\/p>\n<p>[\/et_pb_text][\/et_pb_column][\/et_pb_row][et_pb_row column_structure=&#8220;3_5,2_5&#8243; use_custom_gutter=&#8220;on&#8220; gutter_width=&#8220;2&#8243; make_equal=&#8220;on&#8220; _builder_version=&#8220;4.25.1&#8243; _module_preset=&#8220;default&#8220; custom_margin=&#8220;||50px||false|false&#8220; custom_padding=&#8220;50px||50px||true|&#8220; border_color_bottom=&#8220;#DADADA&#8220; global_colors_info=&#8220;{}&#8220;][et_pb_column type=&#8220;3_5&#8243; module_class=&#8220;vertikal-zentrieren&#8220; _builder_version=&#8220;4.25.1&#8243; _module_preset=&#8220;default&#8220; global_colors_info=&#8220;{}&#8220;][et_pb_text content_tablet=&#8220;<\/p>\n<h2>Qualit\u00e4tsmanagement<\/h2>\n<p>In unserem Bestreben nach Exzellenz und h\u00f6chster Kundenzufriedenheit steht bei Deisenhammer das Qualit\u00e4tsmanagement im Mittelpunkt unserer Unternehmensphilosophie.<\/p>\n<p>Unsere Prozesse sind nicht nur auf die Einhaltung der strengsten Qualit\u00e4tsstandards ausgerichtet, sondern auch darauf, kontinuierlich zu lernen, zu verbessern und unseren Kunden Produkte von herausragender Qualit\u00e4t zu liefern. Unser Qualit\u00e4tsmanagementsystem, zertifiziert nach ISO 9001:2015, bildet das R\u00fcckgrat unserer Produktionsabl\u00e4ufe. Wir setzen auf beherrschte Prozesse, um eine gleichbleibende Qualit\u00e4t sicherzustellen und gleichzeitig h\u00f6chste Termintreue zu gew\u00e4hrleisten.<\/p>\n<p>Unsere Produkte durchlaufen strenge Kontrollen, angefangen bei der Auswahl der Rohmaterialien bis hin zur Endkontrolle vor der Auslieferung. Eine zentrale Rolle spielen dabei insbesondere unsere langj\u00e4hrigen namenhaften Lieferanten f\u00fcr Elastomermischungen, die allesamt in Europa angesiedelt sind.<\/p>\n<p>Kundenzufriedenheit ist f\u00fcr uns nicht nur ein Ziel, sondern eine Verpflichtung. Wir verstehen, dass Qualit\u00e4t nicht nur das Produkt selbst betrifft, sondern auch den gesamten Prozess, von der Anfrage bis zur Lieferung. Unsere Kunden k\u00f6nnen darauf vertrauen, dass jedes Produkt, das unser Werk verl\u00e4sst, den h\u00f6chsten Standards entspricht und den Erwartungen in Bezug auf Pr\u00e4zision, Leistung und Zuverl\u00e4ssigkeit gerecht wird.<\/p>\n<p>Unsere Qualit\u00e4tssicherung endet nicht mit der Zertifizierung \u2013 sie ist ein kontinuierlicher Prozess. Durch Schulungen und kontinuierliche Verbesserungsinitiativen stellen wir sicher, dass unser Team stets auf dem neuesten Stand ist und die Qualit\u00e4tsziele kontinuierlich \u00fcbertroffen werden. Qualit\u00e4t ist f\u00fcr uns nicht nur ein Versprechen an unsere Kunden, sondern eine Verpflichtung, die wir Tag f\u00fcr Tag erf\u00fcllen.<\/p>\n<p>Bei Deisenhammer gehen wir \u00fcber die Erwartungen hinaus, um sicherzustellen, dass jedes Produkt, das unser Werk verl\u00e4sst, ein Zeugnis f\u00fcr h\u00f6chste Qualit\u00e4t und Zuverl\u00e4ssigkeit ist.<\/p>\n<p>&#8220; content_phone=&#8220;<\/p>\n<h2>Qualit\u00e4ts-management<\/h2>\n<p>In unserem Bestreben nach Exzellenz und h\u00f6chster Kundenzufriedenheit steht bei Deisenhammer das Qualit\u00e4tsmanagement im Mittelpunkt unserer Unternehmensphilosophie.<\/p>\n<p>Unsere Prozesse sind nicht nur auf die Einhaltung der strengsten Qualit\u00e4tsstandards ausgerichtet, sondern auch darauf, kontinuierlich zu lernen, zu verbessern und unseren Kunden Produkte von herausragender Qualit\u00e4t zu liefern. Unser Qualit\u00e4tsmanagementsystem, zertifiziert nach ISO 9001:2015, bildet das R\u00fcckgrat unserer Produktionsabl\u00e4ufe. Wir setzen auf beherrschte Prozesse, um eine gleichbleibende Qualit\u00e4t sicherzustellen und gleichzeitig h\u00f6chste Termintreue zu gew\u00e4hrleisten.<\/p>\n<p>Unsere Produkte durchlaufen strenge Kontrollen, angefangen bei der Auswahl der Rohmaterialien bis hin zur Endkontrolle vor der Auslieferung. Eine zentrale Rolle spielen dabei insbesondere unsere langj\u00e4hrigen namenhaften Lieferanten f\u00fcr Elastomermischungen, die allesamt in Europa angesiedelt sind.<\/p>\n<p>Kundenzufriedenheit ist f\u00fcr uns nicht nur ein Ziel, sondern eine Verpflichtung. Wir verstehen, dass Qualit\u00e4t nicht nur das Produkt selbst betrifft, sondern auch den gesamten Prozess, von der Anfrage bis zur Lieferung. Unsere Kunden k\u00f6nnen darauf vertrauen, dass jedes Produkt, das unser Werk verl\u00e4sst, den h\u00f6chsten Standards entspricht und den Erwartungen in Bezug auf Pr\u00e4zision, Leistung und Zuverl\u00e4ssigkeit gerecht wird.<\/p>\n<p>Unsere Qualit\u00e4tssicherung endet nicht mit der Zertifizierung \u2013 sie ist ein kontinuierlicher Prozess. Durch Schulungen und kontinuierliche Verbesserungsinitiativen stellen wir sicher, dass unser Team stets auf dem neuesten Stand ist und die Qualit\u00e4tsziele kontinuierlich \u00fcbertroffen werden. Qualit\u00e4t ist f\u00fcr uns nicht nur ein Versprechen an unsere Kunden, sondern eine Verpflichtung, die wir Tag f\u00fcr Tag erf\u00fcllen.<\/p>\n<p>Bei Deisenhammer gehen wir \u00fcber die Erwartungen hinaus, um sicherzustellen, dass jedes Produkt, das unser Werk verl\u00e4sst, ein Zeugnis f\u00fcr h\u00f6chste Qualit\u00e4t und Zuverl\u00e4ssigkeit ist.<\/p>\n<p>&#8220; content_last_edited=&#8220;on|phone&#8220; _builder_version=&#8220;4.24.2&#8243; _module_preset=&#8220;default&#8220; custom_margin=&#8220;1px|||||&#8220; global_colors_info=&#8220;{}&#8220;]<\/p>\n<h2>Qualit\u00e4tsmanagement<\/h2>\n<p>In unserem Bestreben nach Exzellenz und h\u00f6chster Kundenzufriedenheit steht bei Deisenhammer das Qualit\u00e4tsmanagement im Mittelpunkt unserer Unternehmensphilosophie.<\/p>\n<p>Unsere Prozesse sind nicht nur auf die Einhaltung der strengsten Qualit\u00e4tsstandards ausgerichtet, sondern auch darauf, kontinuierlich zu lernen, zu verbessern und unseren Kunden Produkte von herausragender Qualit\u00e4t zu liefern. Unser Qualit\u00e4tsmanagementsystem, zertifiziert nach ISO 9001:2015, bildet das R\u00fcckgrat unserer Produktionsabl\u00e4ufe. Wir setzen auf beherrschte Prozesse, um eine gleichbleibende Qualit\u00e4t sicherzustellen und gleichzeitig h\u00f6chste Termintreue zu gew\u00e4hrleisten.<\/p>\n<p>Unsere Produkte durchlaufen strenge Kontrollen, angefangen bei der Auswahl der Rohmaterialien bis hin zur Endkontrolle vor der Auslieferung. Eine zentrale Rolle spielen dabei insbesondere unsere langj\u00e4hrigen namenhaften Lieferanten f\u00fcr Elastomermischungen, die allesamt in Europa angesiedelt sind.<\/p>\n<p>Kundenzufriedenheit ist f\u00fcr uns nicht nur ein Ziel, sondern eine Verpflichtung. Wir verstehen, dass Qualit\u00e4t nicht nur das Produkt selbst betrifft, sondern auch den gesamten Prozess, von der Anfrage bis zur Lieferung. Unsere Kunden k\u00f6nnen darauf vertrauen, dass jedes Produkt, das unser Werk verl\u00e4sst, den h\u00f6chsten Standards entspricht und den Erwartungen in Bezug auf Pr\u00e4zision, Leistung und Zuverl\u00e4ssigkeit gerecht wird.<\/p>\n<p>Unsere Qualit\u00e4tssicherung endet nicht mit der Zertifizierung \u2013 sie ist ein kontinuierlicher Prozess. Durch Schulungen und kontinuierliche Verbesserungsinitiativen stellen wir sicher, dass unser Team stets auf dem neuesten Stand ist und die Qualit\u00e4tsziele kontinuierlich \u00fcbertroffen werden. Qualit\u00e4t ist f\u00fcr uns nicht nur ein Versprechen an unsere Kunden, sondern eine Verpflichtung, die wir Tag f\u00fcr Tag erf\u00fcllen.<\/p>\n<p>Bei Deisenhammer gehen wir \u00fcber die Erwartungen hinaus, um sicherzustellen, dass jedes Produkt, das unser Werk verl\u00e4sst, ein Zeugnis f\u00fcr h\u00f6chste Qualit\u00e4t und Zuverl\u00e4ssigkeit ist.<\/p>\n<p>[\/et_pb_text][\/et_pb_column][et_pb_column type=&#8220;2_5&#8243; module_class=&#8220;vertikal-zentrieren&#8220; _builder_version=&#8220;4.25.1&#8243; _module_preset=&#8220;default&#8220; global_colors_info=&#8220;{}&#8220;][et_pb_image src=&#8220;https:\/\/deisenhammer.f1-staging.work\/wp-content\/uploads\/2024\/03\/Besprechung_2500px_rgb.jpg&#8220; title_text=&#8220;business monitoring&#8220; _builder_version=&#8220;4.24.2&#8243; _module_preset=&#8220;default&#8220; global_colors_info=&#8220;{}&#8220;][\/et_pb_image][\/et_pb_column][\/et_pb_row][et_pb_row column_structure=&#8220;1_5,1_5,1_5,1_5,1_5&#8243; _builder_version=&#8220;4.25.1&#8243; _module_preset=&#8220;default&#8220; width=&#8220;100%&#8220; max_width=&#8220;2500px&#8220; custom_padding=&#8220;||0px|||&#8220; global_colors_info=&#8220;{}&#8220;][et_pb_column type=&#8220;1_5&#8243; _builder_version=&#8220;4.25.1&#8243; _module_preset=&#8220;default&#8220; global_colors_info=&#8220;{}&#8220;][et_pb_image src=&#8220;https:\/\/deisenhammer.f1-staging.work\/wp-content\/uploads\/2024\/05\/deisenhammer_qualitaet.webp&#8220; title_text=&#8220;deisenhammer_qualitaet&#8220; _builder_version=&#8220;4.25.1&#8243; _module_preset=&#8220;default&#8220; global_colors_info=&#8220;{}&#8220;][\/et_pb_image][\/et_pb_column][et_pb_column type=&#8220;1_5&#8243; _builder_version=&#8220;4.25.1&#8243; _module_preset=&#8220;default&#8220; global_colors_info=&#8220;{}&#8220;][et_pb_image src=&#8220;https:\/\/deisenhammer.f1-staging.work\/wp-content\/uploads\/2024\/05\/deisenhammer_Besprechung-1.webp&#8220; title_text=&#8220;deisenhammer_Besprechung&#8220; _builder_version=&#8220;4.25.1&#8243; _module_preset=&#8220;default&#8220; global_colors_info=&#8220;{}&#8220;][\/et_pb_image][\/et_pb_column][et_pb_column type=&#8220;1_5&#8243; _builder_version=&#8220;4.25.1&#8243; _module_preset=&#8220;default&#8220; global_colors_info=&#8220;{}&#8220;][et_pb_image src=&#8220;https:\/\/deisenhammer.f1-staging.work\/wp-content\/uploads\/2024\/05\/deisenhammer_besprechung_produktion.webp&#8220; title_text=&#8220;deisenhammer_besprechung_produktion&#8220; _builder_version=&#8220;4.25.1&#8243; _module_preset=&#8220;default&#8220; global_colors_info=&#8220;{}&#8220;][\/et_pb_image][\/et_pb_column][et_pb_column type=&#8220;1_5&#8243; _builder_version=&#8220;4.25.1&#8243; _module_preset=&#8220;default&#8220; global_colors_info=&#8220;{}&#8220;][et_pb_image src=&#8220;https:\/\/deisenhammer.f1-staging.work\/wp-content\/uploads\/2024\/05\/deisenhammer_produktion_elastomerverbund-1.webp&#8220; title_text=&#8220;deisenhammer_produktion_elastomerverbund&#8220; _builder_version=&#8220;4.25.1&#8243; _module_preset=&#8220;default&#8220; global_colors_info=&#8220;{}&#8220;][\/et_pb_image][\/et_pb_column][et_pb_column type=&#8220;1_5&#8243; _builder_version=&#8220;4.25.1&#8243; _module_preset=&#8220;default&#8220; global_colors_info=&#8220;{}&#8220;][et_pb_image src=&#8220;https:\/\/deisenhammer.f1-staging.work\/wp-content\/uploads\/2024\/05\/trockeneisreinigung.webp&#8220; title_text=&#8220;trockeneisreinigung&#8220; _builder_version=&#8220;4.25.1&#8243; _module_preset=&#8220;default&#8220; global_colors_info=&#8220;{}&#8220;][\/et_pb_image][\/et_pb_column][\/et_pb_row][\/et_pb_section]<\/p>","protected":false},"excerpt":{"rendered":"<p>Qualit\u00e4tUnser Kunde steht im mittelpunkt unseres tuns und handelns. Unser Ziel ist, hohe Kundenzufriedenheit durch Qualit\u00e4t, Service und eine langfristige, partnerschaftliche Beziehung zu erreichen. Dass wir unsere Produktions-Prozesse beherrschen, gew\u00e4hrleistet Qualit\u00e4t, Termintreue und Wettbewerbsf\u00e4higkeit. Wir pflegen internationale Kontakte, welche Flexibilit\u00e4t in der Auswahl der Produktionsstandorte erm\u00f6glichen. Unseren Lieferanten gegen\u00fcber sind uns faire Bedingungen, Planungssicherheit und [&hellip;]<\/p>","protected":false},"author":1,"featured_media":0,"parent":0,"menu_order":0,"comment_status":"closed","ping_status":"closed","template":"","meta":{"_et_pb_use_builder":"on","_et_pb_old_content":"","_et_gb_content_width":"","footnotes":""},"class_list":["post-347","page","type-page","status-publish","hentry"],"aioseo_notices":[],"_links":{"self":[{"href":"https:\/\/deisenhammer.f1-staging.work\/en\/wp-json\/wp\/v2\/pages\/347","targetHints":{"allow":["GET"]}}],"collection":[{"href":"https:\/\/deisenhammer.f1-staging.work\/en\/wp-json\/wp\/v2\/pages"}],"about":[{"href":"https:\/\/deisenhammer.f1-staging.work\/en\/wp-json\/wp\/v2\/types\/page"}],"author":[{"embeddable":true,"href":"https:\/\/deisenhammer.f1-staging.work\/en\/wp-json\/wp\/v2\/users\/1"}],"replies":[{"embeddable":true,"href":"https:\/\/deisenhammer.f1-staging.work\/en\/wp-json\/wp\/v2\/comments?post=347"}],"version-history":[{"count":13,"href":"https:\/\/deisenhammer.f1-staging.work\/en\/wp-json\/wp\/v2\/pages\/347\/revisions"}],"predecessor-version":[{"id":791,"href":"https:\/\/deisenhammer.f1-staging.work\/en\/wp-json\/wp\/v2\/pages\/347\/revisions\/791"}],"wp:attachment":[{"href":"https:\/\/deisenhammer.f1-staging.work\/en\/wp-json\/wp\/v2\/media?parent=347"}],"curies":[{"name":"wp","href":"https:\/\/api.w.org\/{rel}","templated":true}]}}