{"id":41,"date":"2024-02-07T13:59:43","date_gmt":"2024-02-07T12:59:43","guid":{"rendered":"https:\/\/deisenhammer.f1-staging.work\/?page_id=41"},"modified":"2024-05-29T14:03:18","modified_gmt":"2024-05-29T12:03:18","slug":"home","status":"publish","type":"page","link":"https:\/\/deisenhammer.f1-staging.work\/de\/","title":{"rendered":"Home"},"content":{"rendered":"<p>[et_pb_section fb_built=&#8220;1&#8243; custom_padding_last_edited=&#8220;on|phone&#8220; _builder_version=&#8220;4.24.2&#8243; _module_preset=&#8220;default&#8220; custom_padding=&#8220;4px||70px|||&#8220; custom_padding_tablet=&#8220;4px||70px|||&#8220; custom_padding_phone=&#8220;4px||0px||false|false&#8220; global_colors_info=&#8220;{}&#8220;][et_pb_row _builder_version=&#8220;4.24.2&#8243; _module_preset=&#8220;default&#8220; width=&#8220;100%&#8220; max_width=&#8220;2560px&#8220; module_alignment=&#8220;center&#8220; custom_padding=&#8220;8px||19px|||&#8220; border_color_bottom=&#8220;#DADADA&#8220; global_colors_info=&#8220;{}&#8220;][et_pb_column type=&#8220;4_4&#8243; _builder_version=&#8220;4.24.0&#8243; _module_preset=&#8220;default&#8220; global_colors_info=&#8220;{}&#8220;][et_pb_text _builder_version=&#8220;4.24.3&#8243; _module_preset=&#8220;default&#8220; header_font_size=&#8220;80px&#8220; header_letter_spacing=&#8220;4px&#8220; width=&#8220;100%&#8220; width_tablet=&#8220;100%&#8220; width_phone=&#8220;75%&#8220; width_last_edited=&#8220;on|phone&#8220; module_alignment=&#8220;center&#8220; custom_margin=&#8220;60px||0px||false|false&#8220; custom_margin_tablet=&#8220;60px||-53px||false|false&#8220; custom_margin_phone=&#8220;||-22px||false|false&#8220; custom_margin_last_edited=&#8220;on|phone&#8220; custom_padding=&#8220;0px||0px||true|&#8220; custom_padding_tablet=&#8220;100px||100px||true|&#8220; custom_padding_phone=&#8220;0px||0px||true|false&#8220; custom_padding_last_edited=&#8220;on|phone&#8220; header_font_size_tablet=&#8220;80px&#8220; header_font_size_phone=&#8220;43px&#8220; header_font_size_last_edited=&#8220;on|phone&#8220; header_line_height_tablet=&#8220;1.1em&#8220; header_line_height_phone=&#8220;1.1em&#8220; header_line_height_last_edited=&#8220;on|tablet&#8220; global_colors_info=&#8220;{}&#8220;]<\/p>\n<h1 style=\"text-align: center;\">Willkommen in der Welt der Polymere!<\/h1>\n<p>[\/et_pb_text][et_pb_image src=&#8220;https:\/\/deisenhammer.f1-staging.work\/wp-content\/uploads\/2024\/02\/Deisenhammer_Banner_Elastomer-allgemein-1.webp&#8220; title_text=&#8220;Deisenhammer_Banner_Elastomer-allgemein&#8220; align=&#8220;center&#8220; force_fullwidth=&#8220;on&#8220; _builder_version=&#8220;4.25.1&#8243; _module_preset=&#8220;default&#8220; custom_margin=&#8220;18px|||||&#8220; custom_margin_tablet=&#8220;18px|||||&#8220; custom_margin_phone=&#8220;12px||||false|false&#8220; custom_margin_last_edited=&#8220;on|phone&#8220; global_colors_info=&#8220;{}&#8220;][\/et_pb_image][\/et_pb_column][\/et_pb_row][\/et_pb_section][et_pb_section fb_built=&#8220;1&#8243; _builder_version=&#8220;4.25.1&#8243; _module_preset=&#8220;default&#8220; custom_padding=&#8220;7px||15px|||&#8220; hover_enabled=&#8220;0&#8243; global_colors_info=&#8220;{}&#8220; z_index=&#8220;-500&#8243; sticky_enabled=&#8220;0&#8243;][et_pb_row column_structure=&#8220;3_5,2_5&#8243; make_equal=&#8220;on&#8220; _builder_version=&#8220;4.24.2&#8243; _module_preset=&#8220;default&#8220; custom_padding=&#8220;1px|||||&#8220; global_colors_info=&#8220;{}&#8220;][et_pb_column type=&#8220;3_5&#8243; _builder_version=&#8220;4.24.0&#8243; _module_preset=&#8220;default&#8220; global_colors_info=&#8220;{}&#8220;][et_pb_video src=&#8220;https:\/\/deisenhammer.f1-staging.work\/wp-content\/uploads\/2024\/05\/Deisenhammer_Video2.mp4&#8243; play_icon_color=&#8220;RGBA(255,255,255,0)&#8220; thumbnail_overlay_color=&#8220;RGBA(255,255,255,0)&#8220; module_class=&#8220;dm-autoplay&#8220; _builder_version=&#8220;4.25.1&#8243; _module_preset=&#8220;default&#8220; global_colors_info=&#8220;{}&#8220;][\/et_pb_video][\/et_pb_column][et_pb_column type=&#8220;2_5&#8243; module_class=&#8220;vertikal-zentrieren&#8220; _builder_version=&#8220;4.24.2&#8243; _module_preset=&#8220;default&#8220; global_colors_info=&#8220;{}&#8220;][et_pb_text _builder_version=&#8220;4.24.3&#8243; _module_preset=&#8220;default&#8220; header_6_line_height=&#8220;3em&#8220; width=&#8220;100%&#8220; width_last_edited=&#8220;off|desktop&#8220; module_alignment=&#8220;center&#8220; custom_margin=&#8220;0px||0px|10px|false|false&#8220; custom_padding=&#8220;0px|0px|0px|54px|true|false&#8220; custom_padding_tablet=&#8220;0px|0px|0px|54px|true|false&#8220; custom_padding_phone=&#8220;30px|0px|30px|0px|true|false&#8220; custom_padding_last_edited=&#8220;on|phone&#8220; global_colors_info=&#8220;{}&#8220; custom_padding__hover_enabled=&#8220;off|desktop&#8220; width__hover_enabled=&#8220;off|desktop&#8220;]<\/p>\n<h5>WIR VERSTEHEN, DASS JEDE ANWENDUNG EINZIGARTIG IST.<\/h5>\n<p>Unser umfangreiches Produktportfolio spiegelt nicht nur unsere langj\u00e4hrige Erfahrung, sondern auch unsere Leidenschaft f\u00fcr hochwertige Elastomerprodukte wider. Wir bieten ein breites Sortiment an, das speziell die Bed\u00fcrfnisse der internationalen non-automotive Industrie abdeckt.<\/p>\n<p>Wir arbeiten eng mit unseren Kunden zusammen, um ma\u00dfgeschneiderte L\u00f6sungen f\u00fcr Ihre individuellen Anforderungen zu entwickeln.<\/p>\n<h5 class=\"et_pb_module_header et-fb-editable-element et-fb-editable-element__editing\">KNOW-HOW UND KUNDENUNTERST\u00dcTZUNG<\/h5>\n<p>Wir bieten unseren Kunden umfassende Unterst\u00fctzung von der Produktidee \u00fcber die Prototypenfertigung bis zur Serienbelieferung. Hierbei punkten wir mit langj\u00e4hriger Erfahrung in Material, Funktion und Auslegung von Elastomerbauteilen. Unsere Kunden befinden sich hierbei haupts\u00e4chlich in den Branchen Zweirad, ATV\/UTV, Wechselrichter, Schwei\u00dftechnik, Transformatorenindustrie, Haushaltswaren, Chemische Anlagen, Maschinenindustrie und L\u00fcftungstechnik.<\/p>\n<p>&nbsp;<\/p>\n<h5>LASSEN SIE UNS GEMEINSAM DIE OPTIMALE L\u00d6SUNG F\u00dcR IHRE HERAUSFORDERUNGEN FINDEN!<\/h5>\n<p>[\/et_pb_text][\/et_pb_column][\/et_pb_row][\/et_pb_section][et_pb_section fb_built=&#8220;1&#8243; _builder_version=&#8220;4.24.2&#8243; _module_preset=&#8220;default&#8220; custom_padding=&#8220;50px||50px||true|&#8220; global_colors_info=&#8220;{}&#8220;][et_pb_row _builder_version=&#8220;4.24.2&#8243; _module_preset=&#8220;default&#8220; custom_padding=&#8220;27px||14px|||&#8220; global_colors_info=&#8220;{}&#8220;][et_pb_column type=&#8220;4_4&#8243; _builder_version=&#8220;4.24.2&#8243; _module_preset=&#8220;default&#8220; global_colors_info=&#8220;{}&#8220;][et_pb_text _builder_version=&#8220;4.24.3&#8243; _module_preset=&#8220;default&#8220; text_font_size=&#8220;25px&#8220; custom_margin=&#8220;||26px|||&#8220; custom_padding=&#8220;||3px|||&#8220; header_font_size_tablet=&#8220;&#8220; header_font_size_phone=&#8220;49px&#8220; header_font_size_last_edited=&#8220;on|phone&#8220; global_colors_info=&#8220;{}&#8220;]<\/p>\n<h1 style=\"text-align: center;\">Kundenspezifische L\u00f6sungen<\/h1>\n<p style=\"text-align: center;\">Unser Engagement geht \u00fcber die Herstellung von Standardprodukten hinaus \u2013 wir bieten individuelle L\u00f6sungen, die perfekt auf die einzigartigen Anforderungen unserer Kunden zugeschnitten sind.<br \/>Von der Produktidee \u00fcber die Prototypenfertigung bis hin zur Serienbelieferung unterst\u00fctzen wir Sie in jedem Schritt des Prozesses.<\/p>\n<p>[\/et_pb_text][\/et_pb_column][\/et_pb_row][et_pb_row column_structure=&#8220;1_4,1_4,1_4,1_4&#8243; use_custom_gutter=&#8220;on&#8220; gutter_width=&#8220;3&#8243; make_equal=&#8220;on&#8220; _builder_version=&#8220;4.24.2&#8243; _module_preset=&#8220;default&#8220; width_tablet=&#8220;80%&#8220; width_phone=&#8220;80%&#8220; width_last_edited=&#8220;on|phone&#8220; module_alignment=&#8220;center&#8220; custom_padding=&#8220;40px|||||&#8220; global_colors_info=&#8220;{}&#8220;][et_pb_column type=&#8220;1_4&#8243; module_class=&#8220;vertikal-zentrieren&#8220; _builder_version=&#8220;4.24.2&#8243; _module_preset=&#8220;default&#8220; global_colors_info=&#8220;{}&#8220;][et_pb_text _builder_version=&#8220;4.24.3&#8243; _module_preset=&#8220;default&#8220; module_alignment=&#8220;center&#8220; custom_padding_tablet=&#8220;&#8220; custom_padding_phone=&#8220;10px||10px||true|false&#8220; custom_padding_last_edited=&#8220;on|phone&#8220; global_colors_info=&#8220;{}&#8220;]<\/p>\n<h5 style=\"text-align: center;\">Unsere Expertise<\/h5>\n<p style=\"text-align: center;\">Unsere langj\u00e4hrige Erfahrung in den Bereichen Material, Funktion, Auslegung und Produktion bildet die Grundlage f\u00fcr die Entwicklung ma\u00dfgeschneiderter L\u00f6sungen. Unser Expertenteam verf\u00fcgt \u00fcber das Wissen und die F\u00e4higkeiten, um auch die anspruchsvollsten Herausforderungen zu meistern. Wir verstehen, dass jede Anwendung einzigartig ist, und wir setzen unsere Fachkenntnisse ein, um innovative, effiziente und qualitativ hochwertige Produkte zu liefern.<\/p>\n<p>[\/et_pb_text][\/et_pb_column][et_pb_column type=&#8220;1_4&#8243; module_class=&#8220;vertikal-zentrieren&#8220; _builder_version=&#8220;4.24.2&#8243; _module_preset=&#8220;default&#8220; custom_padding_tablet=&#8220;&#8220; custom_padding_phone=&#8220;20px||||false|false&#8220; custom_padding_last_edited=&#8220;on|phone&#8220; global_colors_info=&#8220;{}&#8220;][et_pb_text _builder_version=&#8220;4.24.3&#8243; _module_preset=&#8220;default&#8220; module_alignment=&#8220;center&#8220; custom_padding_tablet=&#8220;&#8220; custom_padding_phone=&#8220;20px||20px||true|false&#8220; custom_padding_last_edited=&#8220;on|phone&#8220; global_colors_info=&#8220;{}&#8220;]<\/p>\n<h5 style=\"text-align: center;\">Vom Konzept zur Realit\u00e4t<\/h5>\n<p style=\"text-align: center;\">Bei Deisenhammer gehen wir einen Schritt weiter, um sicherzustellen, dass Ihre Ideen Wirklichkeit werden. Wir unterst\u00fctzen Sie von der Konzeption bis zur Umsetzung und bieten eine enge Zusammenarbeit w\u00e4hrend\u00a0 des gesamten Entstehungsprozesses. Unsere Prototypenfertigung erm\u00f6glicht es Ihnen, das Endprodukt vor der Serienproduktion zu evaluieren, um sicherzustellen, dass es Ihren Erwartungen entspricht.<\/p>\n<p>[\/et_pb_text][\/et_pb_column][et_pb_column type=&#8220;1_4&#8243; module_class=&#8220;vertikal-zentrieren&#8220; _builder_version=&#8220;4.24.2&#8243; _module_preset=&#8220;default&#8220; global_colors_info=&#8220;{}&#8220;][et_pb_text _builder_version=&#8220;4.24.3&#8243; _module_preset=&#8220;default&#8220; module_alignment=&#8220;center&#8220; custom_padding_tablet=&#8220;&#8220; custom_padding_phone=&#8220;30px||30px||true|false&#8220; custom_padding_last_edited=&#8220;on|phone&#8220; global_colors_info=&#8220;{}&#8220;]<\/p>\n<h5 style=\"text-align: center;\">Anwendungsbezogene Unterst\u00fctzung<\/h5>\n<p style=\"text-align: center;\">Unser Engagement endet nicht mit der Lieferung. Wir bieten kontinuierliche Unterst\u00fctzung w\u00e4hrend der Anwendungsphase und passen unsere L\u00f6sungen bei Bedarf an, um sicherzustellen, dass sie den sich \u00e4ndernden Anforderungen gerecht werden. Ob es um spezifische Anpassungen, neue Anwendungsbereiche\u00a0 oder verbesserte Funktionen geht, Deisenhammer steht an Ihrer Seite.<\/p>\n<p>[\/et_pb_text][\/et_pb_column][et_pb_column type=&#8220;1_4&#8243; module_class=&#8220;vertikal-zentrieren&#8220; _builder_version=&#8220;4.24.2&#8243; _module_preset=&#8220;default&#8220; global_colors_info=&#8220;{}&#8220;][et_pb_text _builder_version=&#8220;4.24.3&#8243; _module_preset=&#8220;default&#8220; module_alignment=&#8220;center&#8220; custom_padding_tablet=&#8220;&#8220; custom_padding_phone=&#8220;20px||||false|false&#8220; custom_padding_last_edited=&#8220;on|phone&#8220; global_colors_info=&#8220;{}&#8220;]<\/p>\n<h5 style=\"text-align: center;\">Langfristige Partnerschaft<\/h5>\n<p style=\"text-align: center;\">Unser Ziel ist es, langfristige Partnerschaften aufzubauen, die auf Vertrauen, Innovation und erstklassigem Service basieren. Indem wir gemeinsam L\u00f6sungen entwickeln, die Ihre individuellen Bed\u00fcrfnisse erf\u00fcllen, streben wir nachhaltige Erfolge an, die \u00fcber den Moment hinausgehen. W\u00e4hlen Sie Deisenhammer als Ihren Partner f\u00fcr ma\u00dfgeschneiderte Elastomerl\u00f6sungen und erleben Sie, wie Ihre Visionen Wirklichkeit werden.<\/p>\n<p>[\/et_pb_text][\/et_pb_column][\/et_pb_row][\/et_pb_section][et_pb_section fb_built=&#8220;1&#8243; _builder_version=&#8220;4.24.2&#8243; _module_preset=&#8220;default&#8220; custom_padding=&#8220;11px||27px|||&#8220; global_colors_info=&#8220;{}&#8220;][et_pb_row column_structure=&#8220;1_3,2_3&#8243; make_equal=&#8220;on&#8220; _builder_version=&#8220;4.25.1&#8243; _module_preset=&#8220;default&#8220; background_enable_image=&#8220;off&#8220; background_size=&#8220;initial&#8220; background_position=&#8220;center_left&#8220; width=&#8220;60%&#8220; width_tablet=&#8220;60%&#8220; width_phone=&#8220;60%&#8220; width_last_edited=&#8220;on|phone&#8220; custom_padding=&#8220;|25px|||false|false&#8220; border_width_top=&#8220;3px&#8220; border_color_top=&#8220;#DADADA&#8220; global_colors_info=&#8220;{}&#8220;][et_pb_column type=&#8220;1_3&#8243; module_class=&#8220;vertikal-zentrieren&#8220; _builder_version=&#8220;4.25.1&#8243; _module_preset=&#8220;default&#8220; global_colors_info=&#8220;{}&#8220;][et_pb_image src=&#8220;https:\/\/deisenhammer.f1-staging.work\/wp-content\/uploads\/2024\/03\/Deisenhammer_Portraits-302-Lauer_Website_1500px_rgb-cut.webp&#8220; title_text=&#8220;Deisenhammer_Portraits 302-Lauer_Website_1500px_rgb-cut&#8220; align=&#8220;center&#8220; _builder_version=&#8220;4.24.2&#8243; _module_preset=&#8220;default&#8220; global_colors_info=&#8220;{}&#8220;][\/et_pb_image][\/et_pb_column][et_pb_column type=&#8220;2_3&#8243; module_class=&#8220;vertikal-zentrieren&#8220; _builder_version=&#8220;4.25.1&#8243; _module_preset=&#8220;default&#8220; global_colors_info=&#8220;{}&#8220;][et_pb_text content_tablet=&#8220;<\/p>\n<p>Wir fokussieren uns darauf, eng mit unseren Kunden zusammenzuarbeiten, um ihre individuellen Anforderungen genau zu verstehen und ihnen die optimale L\u00f6sung daf\u00fcr bereit zu stellen.<\/p>\n<h5 style=%22text-align: center;%22><\/h5>\n<h5 style=%22text-align: right;%22><\/h5>\n<h5 style=%22text-align: right;%22>&#8211; Hartmut Lauer, CEO<\/h5>\n<p>&#8220; content_phone=&#8220;<\/p>\n<p>Wir fokussieren uns darauf, eng mit unseren Kunden zusammenzuarbeiten, um ihre individuellen Anforderungen genau zu verstehen und ihnen die optimale L\u00f6sung daf\u00fcr bereit zu stellen.<\/p>\n<h5 style=%22text-align: center;%22><\/h5>\n<h5 style=%22text-align: right;%22><\/h5>\n<h5 style=%22text-align: right;%22><\/h5>\n<h5 style=%22text-align: right;%22>&#8211; Hartmut Lauer, CEO<\/h5>\n<p>&#8220; content_last_edited=&#8220;on|phone&#8220; _builder_version=&#8220;4.25.1&#8243; _module_preset=&#8220;default&#8220; text_font_size=&#8220;45px&#8220; header_4_font=&#8220;||||||||&#8220; header_4_line_height=&#8220;1.1em&#8220; header_5_line_height=&#8220;1em&#8220; background_enable_image=&#8220;off&#8220; module_alignment=&#8220;right&#8220; custom_margin=&#8220;||||false|false&#8220; custom_margin_tablet=&#8220;50px||||false|false&#8220; custom_margin_phone=&#8220;40px||||false|false&#8220; custom_margin_last_edited=&#8220;on|desktop&#8220; custom_padding=&#8220;||||false|false&#8220; text_font_size_tablet=&#8220;36px&#8220; text_font_size_phone=&#8220;26px&#8220; text_font_size_last_edited=&#8220;on|phone&#8220; header_4_font_size_tablet=&#8220;&#8220; header_4_font_size_phone=&#8220;31px&#8220; header_4_font_size_last_edited=&#8220;on|phone&#8220; header_5_font_size_tablet=&#8220;27px&#8220; header_5_font_size_phone=&#8220;23px&#8220; header_5_font_size_last_edited=&#8220;on|phone&#8220; global_colors_info=&#8220;{}&#8220;]<\/p>\n<p style=\"text-align: right;\">Wir fokussieren uns darauf, eng mit unseren Kunden zusammenzuarbeiten, um ihre individuellen Anforderungen genau zu verstehen und ihnen die optimale L\u00f6sung daf\u00fcr bereit zu stellen.<\/p>\n<h5 style=\"text-align: right;\"><\/h5>\n<h5 style=\"text-align: right;\">&#8211; Hartmut Lauer, CEO<\/h5>\n<p>[\/et_pb_text][\/et_pb_column][\/et_pb_row][\/et_pb_section][et_pb_section fb_built=&#8220;1&#8243; _builder_version=&#8220;4.24.2&#8243; _module_preset=&#8220;default&#8220; background_color=&#8220;#007C35&#8243; custom_padding=&#8220;70px||70px||true|&#8220; global_colors_info=&#8220;{}&#8220;][et_pb_row _builder_version=&#8220;4.24.2&#8243; _module_preset=&#8220;default&#8220; global_colors_info=&#8220;{}&#8220;][et_pb_column type=&#8220;4_4&#8243; _builder_version=&#8220;4.24.2&#8243; _module_preset=&#8220;default&#8220; global_colors_info=&#8220;{}&#8220;][et_pb_text content_tablet=&#8220;<\/p>\n<h1 style=%22text-align: center;%22>Know-How und Kundenunterst\u00fctzung<\/h1>\n<h5 style=%22text-align: center;%22>Wir bieten unseren Kunden umfassende Unterst\u00fctzung von der Produktidee \u00fcber die Prototypenfertigung bis zur Serienbelieferung. Hierbei punkten wir mit langj\u00e4hriger Erfahrung in Material, Funktion und Auslegung von Elastomerbauteilen. Unsere Kunden befinden sich hierbei haupts\u00e4chlich in den Branchen Zweirad, ATV\/UTV, Wechselrichter, Schwei\u00dftechnik, Transformatorenindustrie, Haushaltswaren, Chemische Anlagen, Maschinenindustrie und L\u00fcftungstechnik.<\/h5>\n<p>&#8220; content_phone=&#8220;<\/p>\n<h1 style=%22text-align: center;%22>Know-How und Kunden-unterst\u00fctzung<\/h1>\n<h5 style=%22text-align: center;%22>Wir bieten unseren Kunden umfassende Unterst\u00fctzung von der Produktidee \u00fcber die Prototypenfertigung bis zur Serienbelieferung. Hierbei punkten wir mit langj\u00e4hriger Erfahrung in Material, Funktion und Auslegung von Elastomerbauteilen. Unsere Kunden befinden sich hierbei haupts\u00e4chlich in den Branchen Zweirad, ATV\/UTV, Wechselrichter, Schwei\u00dftechnik, Transformatorenindustrie, Haushaltswaren, Chemische Anlagen, Maschinenindustrie und L\u00fcftungstechnik.<\/h5>\n<p>&#8220; content_last_edited=&#8220;on|phone&#8220; _builder_version=&#8220;4.25.1&#8243; _module_preset=&#8220;default&#8220; header_text_color=&#8220;#FFFFFF&#8220; header_5_text_color=&#8220;#DADADA&#8220; header_5_line_height=&#8220;1.2em&#8220; header_font_size_tablet=&#8220;&#8220; header_font_size_phone=&#8220;55px&#8220; header_font_size_last_edited=&#8220;on|phone&#8220; header_line_height_tablet=&#8220;1em&#8220; header_line_height_phone=&#8220;1em&#8220; header_line_height_last_edited=&#8220;on|desktop&#8220; header_5_line_height_tablet=&#8220;1.1em&#8220; header_5_line_height_phone=&#8220;1em&#8220; header_5_line_height_last_edited=&#8220;on|phone&#8220; global_colors_info=&#8220;{}&#8220;]<\/p>\n<h1 style=\"text-align: center;\">Know-How und Kundenunterst\u00fctzung<\/h1>\n<h5 style=\"text-align: center;\">Wir bieten unseren Kunden umfassende Unterst\u00fctzung von der Produktidee \u00fcber die Prototypenfertigung bis zur Serienbelieferung. Hierbei punkten wir mit langj\u00e4hriger Erfahrung in Material, Funktion und Auslegung von Elastomerbauteilen. Unsere Kunden befinden sich hierbei haupts\u00e4chlich in den Branchen Zweirad, ATV\/UTV, Wechselrichter, Schwei\u00dftechnik, Transformatorenindustrie, Haushaltswaren, Chemische Anlagen, Maschinenindustrie und L\u00fcftungstechnik.<\/h5>\n<p>[\/et_pb_text][et_pb_button button_url=&#8220;@ET-DC@eyJkeW5hbWljIjp0cnVlLCJjb250ZW50IjoicG9zdF9saW5rX3VybF9wYWdlIiwic2V0dGluZ3MiOnsicG9zdF9pZCI6IjE5MiJ9fQ==@&#8220; button_text=&#8220;Kontaktieren Sie uns&#8220; button_alignment=&#8220;center&#8220; _builder_version=&#8220;4.24.2&#8243; _dynamic_attributes=&#8220;button_url&#8220; _module_preset=&#8220;default&#8220; transform_scale=&#8220;135%|135%&#8220; background_layout=&#8220;dark&#8220; custom_margin=&#8220;50px||||false|false&#8220; custom_margin_tablet=&#8220;40px||||false|false&#8220; custom_margin_phone=&#8220;40px||||false|false&#8220; custom_margin_last_edited=&#8220;on|phone&#8220; global_colors_info=&#8220;{}&#8220; transform_styles__hover_enabled=&#8220;on|desktop&#8220; transform_scale__hover_enabled=&#8220;on|desktop&#8220; transform_translate__hover_enabled=&#8220;on|desktop&#8220; transform_rotate__hover_enabled=&#8220;on|desktop&#8220; transform_skew__hover_enabled=&#8220;on|desktop&#8220; transform_origin__hover_enabled=&#8220;on|desktop&#8220; transform_scale__hover=&#8220;135%|135%&#8220;][\/et_pb_button][\/et_pb_column][\/et_pb_row][\/et_pb_section]<\/p>\n","protected":false},"excerpt":{"rendered":"<p>Willkommen in der Welt der Polymere!WIR VERSTEHEN, DASS JEDE ANWENDUNG EINZIGARTIG IST. Unser umfangreiches Produktportfolio spiegelt nicht nur unsere langj\u00e4hrige Erfahrung, sondern auch unsere Leidenschaft f\u00fcr hochwertige Elastomerprodukte wider. Wir bieten ein breites Sortiment an, das speziell die Bed\u00fcrfnisse der internationalen non-automotive Industrie abdeckt. Wir arbeiten eng mit unseren Kunden zusammen, um ma\u00dfgeschneiderte L\u00f6sungen f\u00fcr [&hellip;]<\/p>\n","protected":false},"author":1,"featured_media":0,"parent":0,"menu_order":0,"comment_status":"closed","ping_status":"closed","template":"","meta":{"_et_pb_use_builder":"on","_et_pb_old_content":"<!-- wp:divi\/placeholder \/-->","_et_gb_content_width":"","footnotes":""},"class_list":["post-41","page","type-page","status-publish","hentry"],"aioseo_notices":[],"_links":{"self":[{"href":"https:\/\/deisenhammer.f1-staging.work\/de\/wp-json\/wp\/v2\/pages\/41","targetHints":{"allow":["GET"]}}],"collection":[{"href":"https:\/\/deisenhammer.f1-staging.work\/de\/wp-json\/wp\/v2\/pages"}],"about":[{"href":"https:\/\/deisenhammer.f1-staging.work\/de\/wp-json\/wp\/v2\/types\/page"}],"author":[{"embeddable":true,"href":"https:\/\/deisenhammer.f1-staging.work\/de\/wp-json\/wp\/v2\/users\/1"}],"replies":[{"embeddable":true,"href":"https:\/\/deisenhammer.f1-staging.work\/de\/wp-json\/wp\/v2\/comments?post=41"}],"version-history":[{"count":62,"href":"https:\/\/deisenhammer.f1-staging.work\/de\/wp-json\/wp\/v2\/pages\/41\/revisions"}],"predecessor-version":[{"id":793,"href":"https:\/\/deisenhammer.f1-staging.work\/de\/wp-json\/wp\/v2\/pages\/41\/revisions\/793"}],"wp:attachment":[{"href":"https:\/\/deisenhammer.f1-staging.work\/de\/wp-json\/wp\/v2\/media?parent=41"}],"curies":[{"name":"wp","href":"https:\/\/api.w.org\/{rel}","templated":true}]}}